
 

{"id":153,"date":"2022-08-19T00:10:31","date_gmt":"2022-08-19T00:10:31","guid":{"rendered":"https:\/\/grupopaletplastic.es\/?page_id=153"},"modified":"2022-08-19T00:10:31","modified_gmt":"2022-08-19T00:10:31","slug":"politica-de-cookies","status":"publish","type":"page","link":"https:\/\/grupopaletplastic.es\/en\/politica-de-cookies\/","title":{"rendered":"Cookies policy"},"content":{"rendered":"<h1 class=\"wp-block-heading\">POL\u00cdTICA DE COOKIES<\/h1>\n\n\n\n<p>Este dominio utiliza cookies para ofrecer una mejor experiencia de navegaci\u00f3n y prestar un mejor servicio. Pretendemos informarle de manera clara y concisa qu\u00e9 son las cookies y con qu\u00e9 fin las utiliza este dominio, as\u00ed como explicar los medios de que dispone para la inhabilitaci\u00f3n de las mismas.<\/p>\n\n\n\n<h2 class=\"wp-block-heading\">\u00bfQu\u00e9 son las Cookies?<\/h2>\n\n\n\n<p>Se trata de peque\u00f1a informaci\u00f3n sobre la navegaci\u00f3n sobre el dominio web que se guarda en su medio de navegaci\u00f3n para reconocerle en posteriores visitas y analizar el uso de la p\u00e1gina.<\/p>\n\n\n\n<p>Las cookies s\u00f3lo pueden ser le\u00eddas a trav\u00e9s de Internet por el dominio que las escribi\u00f3 y en ning\u00fan caso pueden suponer peligro alguno para el equipo con el que navega.<\/p>\n\n\n\n<p>Las cookies ayudan a mejorar el servicio de la p\u00e1gina y personalizar experiencias y a asegurarse haberle informado de condiciones importantes.<\/p>\n\n\n\n<h2 class=\"wp-block-heading\">\u00bfQu\u00e9 tipos de cookies existen?<\/h2>\n\n\n\n<h3 class=\"wp-block-heading\">Seg\u00fan la entidad que las gestione<\/h3>\n\n\n\n<ul class=\"wp-block-list\"><li>Cookies propias: Son aqu\u00e9llas creadas por la web visitada, la cual las gestiona de forma exclusiva.<\/li><li>Cookies de tercero: Son aqu\u00e9llas creadas y gestionadas por otras webs pero instaladas en o por la p\u00e1gina por la cual navega.<\/li><\/ul>\n\n\n\n<h3 class=\"wp-block-heading\">Seg\u00fan el plazo de tiempo que permanecen activadas<\/h3>\n\n\n\n<ul class=\"wp-block-list\"><li>Cookies de sesi\u00f3n: Son un tipo de cookies dise\u00f1adas para recabar y almacenar datos mientras el usuario accede a una p\u00e1gina web. Se suelen emplear para almacenar informaci\u00f3n que s\u00f3lo interesa conservar para la prestaci\u00f3n del servicio solicitado por el usuario en una sola ocasi\u00f3n.<\/li><li>Cookies persistentes: Son un tipo de cookies en el que los datos siguen almacenados en el terminal y pueden ser accedidos y tratados durante un periodo definido por el responsable de la cookie, y que puede ir de unos minutos a varios a\u00f1os.<\/li><\/ul>\n\n\n\n<h3 class=\"wp-block-heading\">Seg\u00fan su finalidad<\/h3>\n\n\n\n<ul class=\"wp-block-list\"><li>Cookies t\u00e9cnicas: Son aqu\u00e9llas que permiten al usuario la navegaci\u00f3n a trav\u00e9s de una p\u00e1gina web de manera efectiva y segura. Se usan para tareas t\u00e9cnicas como visualizaci\u00f3n correcta de p\u00e1ginas, videos, transmisi\u00f3n de datos, etc.<\/li><li>Cookies de personalizaci\u00f3n: Son aqu\u00e9llas que permiten recordar preferencias por parte del usuario como el idioma preferido u otra personalizaci\u00f3n.<\/li><li>Cookies de an\u00e1lisis: Son aqu\u00e9llas que permiten recoger informaci\u00f3n sobre la actividad de un visitante. Como el conjunto de p\u00e1ginas visitadas, la hora de visita, etc.<\/li><li>Cookies publicitarias: Son aqu\u00e9llas que permiten la gesti\u00f3n de los espacios publicitarios.<\/li><li>Cookies de publicidad comportamental: Son aqu\u00e9llas que permiten la gesti\u00f3n de los espacios publicitarios en base a los h\u00e1bitos de navegaci\u00f3n del usuario en otras p\u00e1ginas web que tambi\u00e9n contienen esas mismas cookies. Como por ejemplo los anuncios de Google Ads.<\/li><\/ul>\n\n\n\n<h2 class=\"wp-block-heading\">\u00bfQu\u00e9 Cookies utilizamos en \u2018www.grupopaletplastic.es\u2019?<\/h2>\n\n\n\n<p>Utilizamos cookies t\u00e9cnicas, de an\u00e1lisis y de publicidad comportamental para hacer posible la comunicaci\u00f3n, as\u00ed como para mejorar y personalizar su experiencia de navegaci\u00f3n por nuestra web. Entre los complementos de los cuales se debe informar y recabar el consentimiento del usuario sobre la instalaci\u00f3n de cookies se encuentran:<\/p>\n\n\n\n<ul class=\"wp-block-list\"><li>Google Analytics: Herramienta de anal\u00edtica que utilizan un conjunto de cookies para recopilar informaci\u00f3n e informar de las estad\u00edsticas de uso del sitio web sin identificar personalmente a los visitantes de Google. Descripci\u00f3n detallada en <a href=\"https:\/\/developers.google.com\/analytics\/devguides\/collection\/analyticsjs\/cookie-usage\">https:\/\/developers.google.com\/analytics\/devguides\/collection\/analyticsjs\/cookie-usage<\/a>.<\/li><li>Google Maps: Complemento del \u00e1rea de contacto para la localizaci\u00f3n visual de nuestra direcci\u00f3n f\u00edsica. Google se encarga de todos los aspectos t\u00e9cnicos referentes a \u00e9ste complemento. Para m\u00e1s informaci\u00f3n visite:<br><a href=\"https:\/\/support.google.com\/maps\/?hl=es\">https:\/\/support.google.com\/maps\/?hl=es#<\/a>.<\/li><li>Google puede hacer uso de sus h\u00e1bitos de navegaci\u00f3n para mostrarle en un futuro publicidad comportamental Este complemento est\u00e1 inicialmente ligado al uso de otros servicios de Google y requiere recabar su consentimiento tras informarle. M\u00e1s informaci\u00f3n sobre las cookies instaladas por el mismo en:<br><a href=\"https:\/\/www.google.com\/policies\/technologies\/types\/\">https:\/\/www.google.com\/policies\/technologies\/types\/<\/a><\/li><\/ul>\n\n\n\n<p>A continuaci\u00f3n, le mostramos una tabla con la informaci\u00f3n t\u00e9cnica de referencia de cada una de las cookies utilizadas:<\/p>\n\n\n\n<figure class=\"wp-block-table\"><table><tbody><tr><td><strong>Nombre Cookie<\/strong><\/td><td><strong>Entidad<\/strong><\/td><td><strong>Tipo de Cookie<\/strong><\/td><td><strong>Vigencia<\/strong><\/td><td><strong>Deber de informaci\u00f3n<\/strong><\/td><\/tr><tr><td>NID<\/td><td>Tercero<\/td><td>T\u00e9cnica\/Publ.<\/td><td>Persistente<\/td><td>Obligado<\/td><\/tr><tr><td>PHPSESSID<\/td><td>Propia<\/td><td>T\u00e9cnica<\/td><td>Persistente<\/td><td>Excluida<\/td><\/tr><tr><td>_ga<\/td><td>Propia<\/td><td>T\u00e9cnica\/Publ.<\/td><td>Persistente<\/td><td>Obligado<\/td><\/tr><tr><td>_gat<\/td><td>Propia<\/td><td>T\u00e9cnica\/Publ.<\/td><td>Persistente<\/td><td>Obligado<\/td><\/tr><tr><td>_gid<\/td><td>Propia<\/td><td>T\u00e9cnica\/Publ.<\/td><td>Persistente<\/td><td>Obligado<\/td><\/tr><tr><td>qtrans_front_language<\/td><td>Propia<\/td><td>T\u00e9cnica<\/td><td>Persistente<\/td><td>Excluida<\/td><\/tr><tr><td>wfvt_4082155681<\/td><td>Propia<\/td><td>T\u00e9cnica<\/td><td>Persistente<\/td><td>Excluida<\/td><\/tr><tr><td>woocommerce_cart_hash<\/td><td>Propia<\/td><td><\/td><td><\/td><td>Excluida<\/td><\/tr><tr><td>woocommerce_items_in_cart<\/td><td>Propia<\/td><td><\/td><td><\/td><td>Excluida<\/td><\/tr><tr><td>wordfence_verifiedHuman<\/td><td>Propia<\/td><td><\/td><td><\/td><td>Excluida<\/td><\/tr><tr><td>wp_woocommerce_session_272cfbf595c44764afc0a3d8209c28cd<\/td><td>Propia<\/td><td><\/td><td><\/td><td>Excluida<\/td><\/tr><\/tbody><\/table><\/figure>\n\n\n\n<p>Aqu\u00ed mostramos las diferentes claves de almacenamiento local sobre HTML5 (similar a las cookies persistentes):<\/p>\n\n\n\n<figure class=\"wp-block-table\"><table><tbody><tr><td><strong>Nombre Cookie<\/strong><\/td><td><strong>Entidad<\/strong><\/td><td><strong>Funci\u00f3n<\/strong><\/td><td><strong>Deber de informaci\u00f3n<\/strong><\/td><\/tr><tr><td>wc_cart_hash<\/td><td>Propia<\/td><td>T\u00e9cnica<\/td><td>Excluida<\/td><\/tr><\/tbody><\/table><\/figure>\n\n\n\n<h2 class=\"wp-block-heading\">\u00bfC\u00f3mo puedo configurar o deshabilitar el uso de Cookies?<\/h2>\n\n\n\n<p>La mayor\u00eda de navegadores te permiten desactivar completamente las cookies. Los navegadores tambi\u00e9n te permiten borrar las cookies creadas por una web espec\u00edfica. Para ello debes consultar la ayuda de tu navegador.<\/p>\n\n\n\n<p>En caso se impedir el uso de cookies en el navegador debe saber que la p\u00e1gina puede no mostrarse correctamente y no tener acceso a algunos de sus contenidos o servicios. Para una correcta visualizaci\u00f3n de la web y posterior eliminaci\u00f3n de las cookies almacenadas al cerrar el navegador usted puede utilizar el modo \u2018inc\u00f3gnito\u2019 o \u2018in private\u2019 presente en algunos navegadores.<\/p>\n\n\n\n<p>Para configurar o inhabilitar la publicidad comportamental de Google ads en cualquier dispositivo utilizado con su cuenta Google dir\u00edjase a:<br><a href=\"https:\/\/www.google.com\/settings\/u\/0\/ads\">https:\/\/www.google.com\/settings\/u\/0\/ads<\/a>.<\/p>\n\n\n\n<p>Si no desea que Google le muestre publicidad comportamental basada en su conducta web en su navegador actual instale:<br><a href=\"https:\/\/support.google.com\/ads\/answer\/2662922?hl=es\">https:\/\/support.google.com\/ads\/answer\/2662922?hl=es<\/a>.<\/p>\n\n\n\n<p>Tambi\u00e9n puede encontrar m\u00e1s informaci\u00f3n en las p\u00e1ginas de ayuda de los navegadores:<\/p>\n\n\n\n<ul class=\"wp-block-list\"><li>Chrome:<a href=\"http:\/\/support.google.com\/chrome\/bin\/answer.py?hl=es&amp;answer=95647\">http:\/\/support.google.com\/chrome\/bin\/answer.py?hl=es&amp;answer=95647<\/a><\/li><li>Explorer:<a href=\"https:\/\/support.microsoft.com\/es-es\/help\/17442\/windows-internet-explorer-delete-manage-cookies\">https:\/\/support.microsoft.com\/es-es\/help\/17442\/windows-internet-explorer-delete-manage-cookies<\/a><\/li><li>Firefox:<a href=\"https:\/\/support.mozilla.org\/es\/kb\/habilitar-y-deshabilitar-cookies-sitios-web-rastrear-preferencias\">https:\/\/support.mozilla.org\/es\/kb\/habilitar-y-deshabilitar-cookies-sitios-web-rastrear-preferencias<\/a><\/li><li>Safari:<a href=\"https:\/\/support.apple.com\/kb\/ph5042?locale=es_ES\">https:\/\/support.apple.com\/kb\/ph5042?locale=es_ES<\/a><\/li><li>Opera:<a href=\"http:\/\/help.opera.com\/Windows\/11.60\/en\/cookies.html\">http:\/\/help.opera.com\/Windows\/11.60\/en\/cookies.html<\/a><\/li><li>Chrome for Android:<a href=\"https:\/\/support.google.com\/chrome\/answer\/114662?hl=es&amp;co=GENIE.Platform%3DAndroid&amp;oco=1\">https:\/\/support.google.com\/chrome\/answer\/114662?hl=es&amp;co=GENIE.Platform%3DAndroid&amp;oco=1<\/a><\/li><li>Safari for IOS:<a href=\"https:\/\/support.apple.com\/es-es\/HT201265\">https:\/\/support.apple.com\/es-es\/HT201265<\/a><\/li><\/ul>","protected":false},"excerpt":{"rendered":"<p>POL\u00cdTICA DE COOKIES Este dominio utiliza cookies para ofrecer una mejor experiencia de navegaci\u00f3n y prestar un mejor servicio. Pretendemos informarle de manera clara y concisa qu\u00e9 son las cookies y con qu\u00e9 fin las utiliza este dominio, as\u00ed como explicar los medios de que dispone para la inhabilitaci\u00f3n de las mismas. \u00bfQu\u00e9 son las &hellip;<\/p>\n<p class=\"read-more\"> <a class=\"\" href=\"https:\/\/grupopaletplastic.es\/en\/politica-de-cookies\/\"> <span class=\"screen-reader-text\">Cookies policy<\/span> Read More &raquo;<\/a><\/p>","protected":false},"author":1,"featured_media":0,"parent":0,"menu_order":0,"comment_status":"closed","ping_status":"closed","template":"","meta":{"site-sidebar-layout":"default","site-content-layout":"default","ast-global-header-display":"","ast-main-header-display":"","ast-hfb-above-header-display":"","ast-hfb-below-header-display":"","ast-hfb-mobile-header-display":"","site-post-title":"","ast-breadcrumbs-content":"","ast-featured-img":"","footer-sml-layout":"","theme-transparent-header-meta":"","adv-header-id-meta":"","stick-header-meta":"","header-above-stick-meta":"","header-main-stick-meta":"","header-below-stick-meta":"","footnotes":""},"class_list":["post-153","page","type-page","status-publish","hentry"],"yoast_head":"<!-- This site is optimized with the Yoast SEO Premium plugin v19.2.1 (Yoast SEO v27.2) - https:\/\/yoast.com\/product\/yoast-seo-premium-wordpress\/ -->\n<title>Pol\u00edtica de cookies - Grupo Paletplastic<\/title>\n<meta name=\"robots\" content=\"index, follow, max-snippet:-1, max-image-preview:large, max-video-preview:-1\" \/>\n<link rel=\"canonical\" href=\"https:\/\/grupopaletplastic.es\/en\/politica-de-cookies\/\" \/>\n<meta property=\"og:locale\" content=\"en_GB\" \/>\n<meta property=\"og:type\" content=\"article\" \/>\n<meta property=\"og:title\" content=\"Pol\u00edtica de cookies\" \/>\n<meta property=\"og:description\" content=\"POL\u00cdTICA DE COOKIES Este dominio utiliza cookies para ofrecer una mejor experiencia de navegaci\u00f3n y prestar un mejor servicio. Pretendemos informarle de manera clara y concisa qu\u00e9 son las cookies y con qu\u00e9 fin las utiliza este dominio, as\u00ed como explicar los medios de que dispone para la inhabilitaci\u00f3n de las mismas. \u00bfQu\u00e9 son las &hellip; Pol\u00edtica de cookies Read More &raquo;\" \/>\n<meta property=\"og:url\" content=\"https:\/\/grupopaletplastic.es\/en\/politica-de-cookies\/\" \/>\n<meta property=\"og:site_name\" content=\"Grupo Paletplastic\" \/>\n<meta name=\"twitter:card\" content=\"summary_large_image\" \/>\n<meta name=\"twitter:label1\" content=\"Estimated reading time\" \/>\n\t<meta name=\"twitter:data1\" content=\"5 minutes\" \/>\n<script type=\"application\/ld+json\" class=\"yoast-schema-graph\">{\"@context\":\"https:\/\/schema.org\",\"@graph\":[{\"@type\":\"WebPage\",\"@id\":\"https:\/\/grupopaletplastic.es\/politica-de-cookies\/\",\"url\":\"https:\/\/grupopaletplastic.es\/politica-de-cookies\/\",\"name\":\"Pol\u00edtica de cookies - Grupo Paletplastic\",\"isPartOf\":{\"@id\":\"https:\/\/grupopaletplastic.es\/#website\"},\"datePublished\":\"2022-08-19T00:10:31+00:00\",\"breadcrumb\":{\"@id\":\"https:\/\/grupopaletplastic.es\/politica-de-cookies\/#breadcrumb\"},\"inLanguage\":\"en-GB\",\"potentialAction\":[{\"@type\":\"ReadAction\",\"target\":[\"https:\/\/grupopaletplastic.es\/politica-de-cookies\/\"]}]},{\"@type\":\"BreadcrumbList\",\"@id\":\"https:\/\/grupopaletplastic.es\/politica-de-cookies\/#breadcrumb\",\"itemListElement\":[{\"@type\":\"ListItem\",\"position\":1,\"name\":\"Home\",\"item\":\"https:\/\/grupopaletplastic.es\/\"},{\"@type\":\"ListItem\",\"position\":2,\"name\":\"Pol\u00edtica de cookies\"}]},{\"@type\":\"WebSite\",\"@id\":\"https:\/\/grupopaletplastic.es\/#website\",\"url\":\"https:\/\/grupopaletplastic.es\/\",\"name\":\"Grupo Paletplastic\",\"description\":\"En Grupo PaletPlastic somos fabricantes de cajas de pl\u00e1stico y palets de pl\u00e1stico. Hacemos cualquier sistema de almacenaje pl\u00e1stico.\",\"publisher\":{\"@id\":\"https:\/\/grupopaletplastic.es\/#organization\"},\"potentialAction\":[{\"@type\":\"SearchAction\",\"target\":{\"@type\":\"EntryPoint\",\"urlTemplate\":\"https:\/\/grupopaletplastic.es\/?s={search_term_string}\"},\"query-input\":{\"@type\":\"PropertyValueSpecification\",\"valueRequired\":true,\"valueName\":\"search_term_string\"}}],\"inLanguage\":\"en-GB\"},{\"@type\":\"Organization\",\"@id\":\"https:\/\/grupopaletplastic.es\/#organization\",\"name\":\"Grupo Paletplastic\",\"url\":\"https:\/\/grupopaletplastic.es\/\",\"logo\":{\"@type\":\"ImageObject\",\"inLanguage\":\"en-GB\",\"@id\":\"https:\/\/grupopaletplastic.es\/#\/schema\/logo\/image\/\",\"url\":\"https:\/\/grupopaletplastic.es\/wp-content\/uploads\/cropped-logonuevo-1.png\",\"contentUrl\":\"https:\/\/grupopaletplastic.es\/wp-content\/uploads\/cropped-logonuevo-1.png\",\"width\":400,\"height\":157,\"caption\":\"Grupo Paletplastic\"},\"image\":{\"@id\":\"https:\/\/grupopaletplastic.es\/#\/schema\/logo\/image\/\"}}]}<\/script>\n<!-- \/ Yoast SEO Premium plugin. -->","yoast_head_json":{"title":"Pol\u00edtica de cookies - Grupo Paletplastic","robots":{"index":"index","follow":"follow","max-snippet":"max-snippet:-1","max-image-preview":"max-image-preview:large","max-video-preview":"max-video-preview:-1"},"canonical":"https:\/\/grupopaletplastic.es\/en\/politica-de-cookies\/","og_locale":"en_GB","og_type":"article","og_title":"Pol\u00edtica de cookies","og_description":"POL\u00cdTICA DE COOKIES Este dominio utiliza cookies para ofrecer una mejor experiencia de navegaci\u00f3n y prestar un mejor servicio. Pretendemos informarle de manera clara y concisa qu\u00e9 son las cookies y con qu\u00e9 fin las utiliza este dominio, as\u00ed como explicar los medios de que dispone para la inhabilitaci\u00f3n de las mismas. \u00bfQu\u00e9 son las &hellip; Pol\u00edtica de cookies Read More &raquo;","og_url":"https:\/\/grupopaletplastic.es\/en\/politica-de-cookies\/","og_site_name":"Grupo Paletplastic","twitter_card":"summary_large_image","twitter_misc":{"Estimated reading time":"5 minutes"},"schema":{"@context":"https:\/\/schema.org","@graph":[{"@type":"WebPage","@id":"https:\/\/grupopaletplastic.es\/politica-de-cookies\/","url":"https:\/\/grupopaletplastic.es\/politica-de-cookies\/","name":"Pol\u00edtica de cookies - Grupo Paletplastic","isPartOf":{"@id":"https:\/\/grupopaletplastic.es\/#website"},"datePublished":"2022-08-19T00:10:31+00:00","breadcrumb":{"@id":"https:\/\/grupopaletplastic.es\/politica-de-cookies\/#breadcrumb"},"inLanguage":"en-GB","potentialAction":[{"@type":"ReadAction","target":["https:\/\/grupopaletplastic.es\/politica-de-cookies\/"]}]},{"@type":"BreadcrumbList","@id":"https:\/\/grupopaletplastic.es\/politica-de-cookies\/#breadcrumb","itemListElement":[{"@type":"ListItem","position":1,"name":"Home","item":"https:\/\/grupopaletplastic.es\/"},{"@type":"ListItem","position":2,"name":"Pol\u00edtica de cookies"}]},{"@type":"WebSite","@id":"https:\/\/grupopaletplastic.es\/#website","url":"https:\/\/grupopaletplastic.es\/","name":"Grupo Paletplastic","description":"En Grupo PaletPlastic somos fabricantes de cajas de pl\u00e1stico y palets de pl\u00e1stico. Hacemos cualquier sistema de almacenaje pl\u00e1stico.","publisher":{"@id":"https:\/\/grupopaletplastic.es\/#organization"},"potentialAction":[{"@type":"SearchAction","target":{"@type":"EntryPoint","urlTemplate":"https:\/\/grupopaletplastic.es\/?s={search_term_string}"},"query-input":{"@type":"PropertyValueSpecification","valueRequired":true,"valueName":"search_term_string"}}],"inLanguage":"en-GB"},{"@type":"Organization","@id":"https:\/\/grupopaletplastic.es\/#organization","name":"Grupo Paletplastic","url":"https:\/\/grupopaletplastic.es\/","logo":{"@type":"ImageObject","inLanguage":"en-GB","@id":"https:\/\/grupopaletplastic.es\/#\/schema\/logo\/image\/","url":"https:\/\/grupopaletplastic.es\/wp-content\/uploads\/cropped-logonuevo-1.png","contentUrl":"https:\/\/grupopaletplastic.es\/wp-content\/uploads\/cropped-logonuevo-1.png","width":400,"height":157,"caption":"Grupo Paletplastic"},"image":{"@id":"https:\/\/grupopaletplastic.es\/#\/schema\/logo\/image\/"}}]}},"_links":{"self":[{"href":"https:\/\/grupopaletplastic.es\/en\/wp-json\/wp\/v2\/pages\/153","targetHints":{"allow":["GET"]}}],"collection":[{"href":"https:\/\/grupopaletplastic.es\/en\/wp-json\/wp\/v2\/pages"}],"about":[{"href":"https:\/\/grupopaletplastic.es\/en\/wp-json\/wp\/v2\/types\/page"}],"author":[{"embeddable":true,"href":"https:\/\/grupopaletplastic.es\/en\/wp-json\/wp\/v2\/users\/1"}],"replies":[{"embeddable":true,"href":"https:\/\/grupopaletplastic.es\/en\/wp-json\/wp\/v2\/comments?post=153"}],"version-history":[{"count":1,"href":"https:\/\/grupopaletplastic.es\/en\/wp-json\/wp\/v2\/pages\/153\/revisions"}],"predecessor-version":[{"id":154,"href":"https:\/\/grupopaletplastic.es\/en\/wp-json\/wp\/v2\/pages\/153\/revisions\/154"}],"wp:attachment":[{"href":"https:\/\/grupopaletplastic.es\/en\/wp-json\/wp\/v2\/media?parent=153"}],"curies":[{"name":"wp","href":"https:\/\/api.w.org\/{rel}","templated":true}]}}