
 

{"id":4683,"date":"2022-08-30T22:15:31","date_gmt":"2022-08-30T22:15:31","guid":{"rendered":"https:\/\/grupopaletplastic.es\/?page_id=4683"},"modified":"2026-03-10T08:51:05","modified_gmt":"2026-03-10T08:51:05","slug":"big-box-plastico","status":"publish","type":"page","link":"https:\/\/grupopaletplastic.es\/en\/big-box-plastico\/","title":{"rendered":"Big Box"},"content":{"rendered":"<div data-elementor-type=\"wp-page\" data-elementor-id=\"4683\" class=\"elementor elementor-4683\" data-elementor-post-type=\"page\">\n\t\t\t\t\t\t<section class=\"elementor-section elementor-top-section elementor-element elementor-element-38e96c6 elementor-section-boxed elementor-section-height-default elementor-section-height-default\" data-id=\"38e96c6\" data-element_type=\"section\" data-e-type=\"section\">\n\t\t\t\t\t\t<div class=\"elementor-container elementor-column-gap-default\">\n\t\t\t\t\t<div class=\"elementor-column elementor-col-100 elementor-top-column elementor-element elementor-element-c66c46d\" data-id=\"c66c46d\" data-element_type=\"column\" data-e-type=\"column\">\n\t\t\t<div class=\"elementor-widget-wrap elementor-element-populated\">\n\t\t\t\t\t\t<div class=\"elementor-element elementor-element-51d000b elementor-widget elementor-widget-heading\" data-id=\"51d000b\" data-element_type=\"widget\" data-e-type=\"widget\" data-widget_type=\"heading.default\">\n\t\t\t\t<div class=\"elementor-widget-container\">\n\t\t\t\t\t<h1 class=\"elementor-heading-title elementor-size-default\"> Plastic Big Box <\/h1>\t\t\t\t<\/div>\n\t\t\t\t<\/div>\n\t\t\t\t\t<\/div>\n\t\t<\/div>\n\t\t\t\t\t<\/div>\n\t\t<\/section>\n\t\t\t\t<section class=\"elementor-section elementor-top-section elementor-element elementor-element-187baae elementor-section-boxed elementor-section-height-default elementor-section-height-default\" data-id=\"187baae\" data-element_type=\"section\" data-e-type=\"section\">\n\t\t\t\t\t\t<div class=\"elementor-container elementor-column-gap-default\">\n\t\t\t\t\t<div class=\"elementor-column elementor-col-33 elementor-top-column elementor-element elementor-element-1c9166a\" data-id=\"1c9166a\" data-element_type=\"column\" data-e-type=\"column\" data-settings=\"{&quot;background_background&quot;:&quot;classic&quot;}\">\n\t\t\t<div class=\"elementor-widget-wrap elementor-element-populated\">\n\t\t\t\t\t\t<div class=\"elementor-element elementor-element-0e3f7c0 elementor-widget elementor-widget-image\" data-id=\"0e3f7c0\" data-element_type=\"widget\" data-e-type=\"widget\" data-widget_type=\"image.default\">\n\t\t\t\t<div class=\"elementor-widget-container\">\n\t\t\t\t\t\t\t\t\t\t\t\t\t\t\t\t<a href=\"\/en\/big-box-cerrados\/\">\n\t\t\t\t\t\t\t<img fetchpriority=\"high\" decoding=\"async\" width=\"1024\" height=\"746\" src=\"https:\/\/grupopaletplastic.es\/wp-content\/uploads\/1732.100_1-1024x746.jpg\" class=\"attachment-large size-large wp-image-4686\" alt=\"\" srcset=\"https:\/\/grupopaletplastic.es\/wp-content\/uploads\/1732.100_1-1024x746.jpg 1024w, https:\/\/grupopaletplastic.es\/wp-content\/uploads\/1732.100_1-600x437.jpg 600w, https:\/\/grupopaletplastic.es\/wp-content\/uploads\/1732.100_1-300x219.jpg 300w, https:\/\/grupopaletplastic.es\/wp-content\/uploads\/1732.100_1-768x559.jpg 768w, https:\/\/grupopaletplastic.es\/wp-content\/uploads\/1732.100_1-1536x1119.jpg 1536w, https:\/\/grupopaletplastic.es\/wp-content\/uploads\/1732.100_1.jpg 1635w\" sizes=\"(max-width: 1024px) 100vw, 1024px\" \/>\t\t\t\t\t\t\t\t<\/a>\n\t\t\t\t\t\t\t\t\t\t\t\t\t\t\t<\/div>\n\t\t\t\t<\/div>\n\t\t\t\t<div class=\"elementor-element elementor-element-8b5c253 elementor-widget elementor-widget-heading\" data-id=\"8b5c253\" data-element_type=\"widget\" data-e-type=\"widget\" data-widget_type=\"heading.default\">\n\t\t\t\t<div class=\"elementor-widget-container\">\n\t\t\t\t\t<h2 class=\"elementor-heading-title elementor-size-default\"><a href=\"\/en\/big-box-cerrados\/\">Big Box Closed<\/a><\/h2>\t\t\t\t<\/div>\n\t\t\t\t<\/div>\n\t\t\t\t\t<\/div>\n\t\t<\/div>\n\t\t\t\t<div class=\"elementor-column elementor-col-33 elementor-top-column elementor-element elementor-element-b90ae87\" data-id=\"b90ae87\" data-element_type=\"column\" data-e-type=\"column\" data-settings=\"{&quot;background_background&quot;:&quot;classic&quot;}\">\n\t\t\t<div class=\"elementor-widget-wrap elementor-element-populated\">\n\t\t\t\t\t\t<div class=\"elementor-element elementor-element-fbae2e1 elementor-widget elementor-widget-image\" data-id=\"fbae2e1\" data-element_type=\"widget\" data-e-type=\"widget\" data-widget_type=\"image.default\">\n\t\t\t\t<div class=\"elementor-widget-container\">\n\t\t\t\t\t\t\t\t\t\t\t\t\t\t\t\t<a href=\"\/en\/big-box-rejillados\/\">\n\t\t\t\t\t\t\t<img decoding=\"async\" width=\"1024\" height=\"746\" src=\"https:\/\/grupopaletplastic.es\/wp-content\/uploads\/1732.400_1-1024x746.jpg\" class=\"attachment-large size-large wp-image-4687\" alt=\"\" srcset=\"https:\/\/grupopaletplastic.es\/wp-content\/uploads\/1732.400_1-1024x746.jpg 1024w, https:\/\/grupopaletplastic.es\/wp-content\/uploads\/1732.400_1-600x437.jpg 600w, https:\/\/grupopaletplastic.es\/wp-content\/uploads\/1732.400_1-300x219.jpg 300w, https:\/\/grupopaletplastic.es\/wp-content\/uploads\/1732.400_1-768x559.jpg 768w, https:\/\/grupopaletplastic.es\/wp-content\/uploads\/1732.400_1-1536x1119.jpg 1536w, https:\/\/grupopaletplastic.es\/wp-content\/uploads\/1732.400_1.jpg 1635w\" sizes=\"(max-width: 1024px) 100vw, 1024px\" \/>\t\t\t\t\t\t\t\t<\/a>\n\t\t\t\t\t\t\t\t\t\t\t\t\t\t\t<\/div>\n\t\t\t\t<\/div>\n\t\t\t\t<div class=\"elementor-element elementor-element-18423cf elementor-widget elementor-widget-heading\" data-id=\"18423cf\" data-element_type=\"widget\" data-e-type=\"widget\" data-widget_type=\"heading.default\">\n\t\t\t\t<div class=\"elementor-widget-container\">\n\t\t\t\t\t<h2 class=\"elementor-heading-title elementor-size-default\"><a href=\"\/en\/big-box-rejillados\/\">Gridded Big Box<\/a><\/h2>\t\t\t\t<\/div>\n\t\t\t\t<\/div>\n\t\t\t\t\t<\/div>\n\t\t<\/div>\n\t\t\t\t<div class=\"elementor-column elementor-col-33 elementor-top-column elementor-element elementor-element-55bea92\" data-id=\"55bea92\" data-element_type=\"column\" data-e-type=\"column\" data-settings=\"{&quot;background_background&quot;:&quot;classic&quot;}\">\n\t\t\t<div class=\"elementor-widget-wrap elementor-element-populated\">\n\t\t\t\t\t\t<div class=\"elementor-element elementor-element-c357eda elementor-widget elementor-widget-image\" data-id=\"c357eda\" data-element_type=\"widget\" data-e-type=\"widget\" data-widget_type=\"image.default\">\n\t\t\t\t<div class=\"elementor-widget-container\">\n\t\t\t\t\t\t\t\t\t\t\t\t\t\t\t\t<a href=\"\/en\/big-box-plegables\/\">\n\t\t\t\t\t\t\t<img decoding=\"async\" width=\"1024\" height=\"746\" src=\"https:\/\/grupopaletplastic.es\/wp-content\/uploads\/2319451_1-1-1-1024x746.jpg\" class=\"attachment-large size-large wp-image-4688\" alt=\"\" srcset=\"https:\/\/grupopaletplastic.es\/wp-content\/uploads\/2319451_1-1-1-1024x746.jpg 1024w, https:\/\/grupopaletplastic.es\/wp-content\/uploads\/2319451_1-1-1-600x437.jpg 600w, https:\/\/grupopaletplastic.es\/wp-content\/uploads\/2319451_1-1-1-300x219.jpg 300w, https:\/\/grupopaletplastic.es\/wp-content\/uploads\/2319451_1-1-1-768x559.jpg 768w, https:\/\/grupopaletplastic.es\/wp-content\/uploads\/2319451_1-1-1-1536x1119.jpg 1536w, https:\/\/grupopaletplastic.es\/wp-content\/uploads\/2319451_1-1-1.jpg 1635w\" sizes=\"(max-width: 1024px) 100vw, 1024px\" \/>\t\t\t\t\t\t\t\t<\/a>\n\t\t\t\t\t\t\t\t\t\t\t\t\t\t\t<\/div>\n\t\t\t\t<\/div>\n\t\t\t\t<div class=\"elementor-element elementor-element-bc25682 elementor-widget elementor-widget-heading\" data-id=\"bc25682\" data-element_type=\"widget\" data-e-type=\"widget\" data-widget_type=\"heading.default\">\n\t\t\t\t<div class=\"elementor-widget-container\">\n\t\t\t\t\t<h2 class=\"elementor-heading-title elementor-size-default\"><a href=\"\/en\/big-box-plegables\/\">Folding Big Boxes<\/a><\/h2>\t\t\t\t<\/div>\n\t\t\t\t<\/div>\n\t\t\t\t\t<\/div>\n\t\t<\/div>\n\t\t\t\t\t<\/div>\n\t\t<\/section>\n\t\t\t\t<\/div>","protected":false},"excerpt":{"rendered":"<p>Big Box de pl\u00e1stico Big Box Cerrados Big Box Rejillados Big Box Plegables<\/p>","protected":false},"author":1,"featured_media":4684,"parent":0,"menu_order":0,"comment_status":"closed","ping_status":"closed","template":"","meta":{"site-sidebar-layout":"no-sidebar","site-content-layout":"page-builder","ast-global-header-display":"","ast-main-header-display":"","ast-hfb-above-header-display":"","ast-hfb-below-header-display":"","ast-hfb-mobile-header-display":"","site-post-title":"disabled","ast-breadcrumbs-content":"","ast-featured-img":"disabled","footer-sml-layout":"","theme-transparent-header-meta":"","adv-header-id-meta":"","stick-header-meta":"","header-above-stick-meta":"","header-main-stick-meta":"","header-below-stick-meta":"","footnotes":""},"class_list":["post-4683","page","type-page","status-publish","has-post-thumbnail","hentry"],"yoast_head":"<!-- This site is optimized with the Yoast SEO Premium plugin v19.2.1 (Yoast SEO v27.2) - https:\/\/yoast.com\/product\/yoast-seo-premium-wordpress\/ -->\n<title>Big Box - Grupo Paletplastic<\/title>\n<meta name=\"description\" content=\"Contenedores Big Box en Murcia para industria y agricultura. M\u00e1xima capacidad, resistencia y apilado seguro. \u00a1Pide tu presupuesto ahora!\" \/>\n<meta name=\"robots\" content=\"index, follow, max-snippet:-1, max-image-preview:large, max-video-preview:-1\" \/>\n<link rel=\"canonical\" href=\"https:\/\/grupopaletplastic.es\/en\/big-box-plastico\/\" \/>\n<meta property=\"og:locale\" content=\"en_GB\" \/>\n<meta property=\"og:type\" content=\"article\" \/>\n<meta property=\"og:title\" content=\"Big Box\" \/>\n<meta property=\"og:description\" content=\"Contenedores Big Box en Murcia para industria y agricultura. M\u00e1xima capacidad, resistencia y apilado seguro. \u00a1Pide tu presupuesto ahora!\" \/>\n<meta property=\"og:url\" content=\"https:\/\/grupopaletplastic.es\/en\/big-box-plastico\/\" \/>\n<meta property=\"og:site_name\" content=\"Grupo Paletplastic\" \/>\n<meta property=\"article:modified_time\" content=\"2026-03-10T08:51:05+00:00\" \/>\n<meta property=\"og:image\" content=\"https:\/\/grupopaletplastic.es\/wp-content\/uploads\/1732.300-1.jpg\" \/>\n\t<meta property=\"og:image:width\" content=\"1272\" \/>\n\t<meta property=\"og:image:height\" content=\"992\" \/>\n\t<meta property=\"og:image:type\" content=\"image\/jpeg\" \/>\n<meta name=\"twitter:card\" content=\"summary_large_image\" \/>\n<meta name=\"twitter:label1\" content=\"Estimated reading time\" \/>\n\t<meta name=\"twitter:data1\" content=\"1 minute\" \/>\n<script type=\"application\/ld+json\" class=\"yoast-schema-graph\">{\"@context\":\"https:\/\/schema.org\",\"@graph\":[{\"@type\":\"WebPage\",\"@id\":\"https:\/\/grupopaletplastic.es\/big-box-plastico\/\",\"url\":\"https:\/\/grupopaletplastic.es\/big-box-plastico\/\",\"name\":\"Big Box - Grupo Paletplastic\",\"isPartOf\":{\"@id\":\"https:\/\/grupopaletplastic.es\/#website\"},\"primaryImageOfPage\":{\"@id\":\"https:\/\/grupopaletplastic.es\/big-box-plastico\/#primaryimage\"},\"image\":{\"@id\":\"https:\/\/grupopaletplastic.es\/big-box-plastico\/#primaryimage\"},\"thumbnailUrl\":\"https:\/\/grupopaletplastic.es\/wp-content\/uploads\/1732.300-1.jpg\",\"datePublished\":\"2022-08-30T22:15:31+00:00\",\"dateModified\":\"2026-03-10T08:51:05+00:00\",\"description\":\"Contenedores Big Box en Murcia para industria y agricultura. M\u00e1xima capacidad, resistencia y apilado seguro. \u00a1Pide tu presupuesto ahora!\",\"breadcrumb\":{\"@id\":\"https:\/\/grupopaletplastic.es\/big-box-plastico\/#breadcrumb\"},\"inLanguage\":\"en-GB\",\"potentialAction\":[{\"@type\":\"ReadAction\",\"target\":[\"https:\/\/grupopaletplastic.es\/big-box-plastico\/\"]}]},{\"@type\":\"ImageObject\",\"inLanguage\":\"en-GB\",\"@id\":\"https:\/\/grupopaletplastic.es\/big-box-plastico\/#primaryimage\",\"url\":\"https:\/\/grupopaletplastic.es\/wp-content\/uploads\/1732.300-1.jpg\",\"contentUrl\":\"https:\/\/grupopaletplastic.es\/wp-content\/uploads\/1732.300-1.jpg\",\"width\":1272,\"height\":992},{\"@type\":\"BreadcrumbList\",\"@id\":\"https:\/\/grupopaletplastic.es\/big-box-plastico\/#breadcrumb\",\"itemListElement\":[{\"@type\":\"ListItem\",\"position\":1,\"name\":\"Home\",\"item\":\"https:\/\/grupopaletplastic.es\/\"},{\"@type\":\"ListItem\",\"position\":2,\"name\":\"Big Box\"}]},{\"@type\":\"WebSite\",\"@id\":\"https:\/\/grupopaletplastic.es\/#website\",\"url\":\"https:\/\/grupopaletplastic.es\/\",\"name\":\"Grupo Paletplastic\",\"description\":\"En Grupo PaletPlastic somos fabricantes de cajas de pl\u00e1stico y palets de pl\u00e1stico. Hacemos cualquier sistema de almacenaje pl\u00e1stico.\",\"publisher\":{\"@id\":\"https:\/\/grupopaletplastic.es\/#organization\"},\"potentialAction\":[{\"@type\":\"SearchAction\",\"target\":{\"@type\":\"EntryPoint\",\"urlTemplate\":\"https:\/\/grupopaletplastic.es\/?s={search_term_string}\"},\"query-input\":{\"@type\":\"PropertyValueSpecification\",\"valueRequired\":true,\"valueName\":\"search_term_string\"}}],\"inLanguage\":\"en-GB\"},{\"@type\":\"Organization\",\"@id\":\"https:\/\/grupopaletplastic.es\/#organization\",\"name\":\"Grupo Paletplastic\",\"url\":\"https:\/\/grupopaletplastic.es\/\",\"logo\":{\"@type\":\"ImageObject\",\"inLanguage\":\"en-GB\",\"@id\":\"https:\/\/grupopaletplastic.es\/#\/schema\/logo\/image\/\",\"url\":\"https:\/\/grupopaletplastic.es\/wp-content\/uploads\/cropped-logonuevo-1.png\",\"contentUrl\":\"https:\/\/grupopaletplastic.es\/wp-content\/uploads\/cropped-logonuevo-1.png\",\"width\":400,\"height\":157,\"caption\":\"Grupo Paletplastic\"},\"image\":{\"@id\":\"https:\/\/grupopaletplastic.es\/#\/schema\/logo\/image\/\"}}]}<\/script>\n<!-- \/ Yoast SEO Premium plugin. -->","yoast_head_json":{"title":"Big Box - Grupo Paletplastic","description":"Contenedores Big Box en Murcia para industria y agricultura. M\u00e1xima capacidad, resistencia y apilado seguro. \u00a1Pide tu presupuesto ahora!","robots":{"index":"index","follow":"follow","max-snippet":"max-snippet:-1","max-image-preview":"max-image-preview:large","max-video-preview":"max-video-preview:-1"},"canonical":"https:\/\/grupopaletplastic.es\/en\/big-box-plastico\/","og_locale":"en_GB","og_type":"article","og_title":"Big Box","og_description":"Contenedores Big Box en Murcia para industria y agricultura. M\u00e1xima capacidad, resistencia y apilado seguro. \u00a1Pide tu presupuesto ahora!","og_url":"https:\/\/grupopaletplastic.es\/en\/big-box-plastico\/","og_site_name":"Grupo Paletplastic","article_modified_time":"2026-03-10T08:51:05+00:00","og_image":[{"width":1272,"height":992,"url":"https:\/\/grupopaletplastic.es\/wp-content\/uploads\/1732.300-1.jpg","type":"image\/jpeg"}],"twitter_card":"summary_large_image","twitter_misc":{"Estimated reading time":"1 minute"},"schema":{"@context":"https:\/\/schema.org","@graph":[{"@type":"WebPage","@id":"https:\/\/grupopaletplastic.es\/big-box-plastico\/","url":"https:\/\/grupopaletplastic.es\/big-box-plastico\/","name":"Big Box - Grupo Paletplastic","isPartOf":{"@id":"https:\/\/grupopaletplastic.es\/#website"},"primaryImageOfPage":{"@id":"https:\/\/grupopaletplastic.es\/big-box-plastico\/#primaryimage"},"image":{"@id":"https:\/\/grupopaletplastic.es\/big-box-plastico\/#primaryimage"},"thumbnailUrl":"https:\/\/grupopaletplastic.es\/wp-content\/uploads\/1732.300-1.jpg","datePublished":"2022-08-30T22:15:31+00:00","dateModified":"2026-03-10T08:51:05+00:00","description":"Contenedores Big Box en Murcia para industria y agricultura. M\u00e1xima capacidad, resistencia y apilado seguro. \u00a1Pide tu presupuesto ahora!","breadcrumb":{"@id":"https:\/\/grupopaletplastic.es\/big-box-plastico\/#breadcrumb"},"inLanguage":"en-GB","potentialAction":[{"@type":"ReadAction","target":["https:\/\/grupopaletplastic.es\/big-box-plastico\/"]}]},{"@type":"ImageObject","inLanguage":"en-GB","@id":"https:\/\/grupopaletplastic.es\/big-box-plastico\/#primaryimage","url":"https:\/\/grupopaletplastic.es\/wp-content\/uploads\/1732.300-1.jpg","contentUrl":"https:\/\/grupopaletplastic.es\/wp-content\/uploads\/1732.300-1.jpg","width":1272,"height":992},{"@type":"BreadcrumbList","@id":"https:\/\/grupopaletplastic.es\/big-box-plastico\/#breadcrumb","itemListElement":[{"@type":"ListItem","position":1,"name":"Home","item":"https:\/\/grupopaletplastic.es\/"},{"@type":"ListItem","position":2,"name":"Big Box"}]},{"@type":"WebSite","@id":"https:\/\/grupopaletplastic.es\/#website","url":"https:\/\/grupopaletplastic.es\/","name":"Grupo Paletplastic","description":"En Grupo PaletPlastic somos fabricantes de cajas de pl\u00e1stico y palets de pl\u00e1stico. Hacemos cualquier sistema de almacenaje pl\u00e1stico.","publisher":{"@id":"https:\/\/grupopaletplastic.es\/#organization"},"potentialAction":[{"@type":"SearchAction","target":{"@type":"EntryPoint","urlTemplate":"https:\/\/grupopaletplastic.es\/?s={search_term_string}"},"query-input":{"@type":"PropertyValueSpecification","valueRequired":true,"valueName":"search_term_string"}}],"inLanguage":"en-GB"},{"@type":"Organization","@id":"https:\/\/grupopaletplastic.es\/#organization","name":"Grupo Paletplastic","url":"https:\/\/grupopaletplastic.es\/","logo":{"@type":"ImageObject","inLanguage":"en-GB","@id":"https:\/\/grupopaletplastic.es\/#\/schema\/logo\/image\/","url":"https:\/\/grupopaletplastic.es\/wp-content\/uploads\/cropped-logonuevo-1.png","contentUrl":"https:\/\/grupopaletplastic.es\/wp-content\/uploads\/cropped-logonuevo-1.png","width":400,"height":157,"caption":"Grupo Paletplastic"},"image":{"@id":"https:\/\/grupopaletplastic.es\/#\/schema\/logo\/image\/"}}]}},"_links":{"self":[{"href":"https:\/\/grupopaletplastic.es\/en\/wp-json\/wp\/v2\/pages\/4683","targetHints":{"allow":["GET"]}}],"collection":[{"href":"https:\/\/grupopaletplastic.es\/en\/wp-json\/wp\/v2\/pages"}],"about":[{"href":"https:\/\/grupopaletplastic.es\/en\/wp-json\/wp\/v2\/types\/page"}],"author":[{"embeddable":true,"href":"https:\/\/grupopaletplastic.es\/en\/wp-json\/wp\/v2\/users\/1"}],"replies":[{"embeddable":true,"href":"https:\/\/grupopaletplastic.es\/en\/wp-json\/wp\/v2\/comments?post=4683"}],"version-history":[{"count":25,"href":"https:\/\/grupopaletplastic.es\/en\/wp-json\/wp\/v2\/pages\/4683\/revisions"}],"predecessor-version":[{"id":5613,"href":"https:\/\/grupopaletplastic.es\/en\/wp-json\/wp\/v2\/pages\/4683\/revisions\/5613"}],"wp:featuredmedia":[{"embeddable":true,"href":"https:\/\/grupopaletplastic.es\/en\/wp-json\/wp\/v2\/media\/4684"}],"wp:attachment":[{"href":"https:\/\/grupopaletplastic.es\/en\/wp-json\/wp\/v2\/media?parent=4683"}],"curies":[{"name":"wp","href":"https:\/\/api.w.org\/{rel}","templated":true}]}}