
 

{"id":2936,"date":"2017-11-09T16:19:55","date_gmt":"2017-11-09T16:19:55","guid":{"rendered":"https:\/\/grupopaletplastic.es\/?post_type=product&#038;p=2936"},"modified":"2023-01-20T12:59:17","modified_gmt":"2023-01-20T12:59:17","slug":"cubeta-encajable-2074","status":"publish","type":"product","link":"https:\/\/grupopaletplastic.es\/en\/product\/cubeta-encajable-2074\/","title":{"rendered":"Cubeta Encajable 2074"},"content":{"rendered":"<table style=\"height: 162px;\" width=\"516\">\n<tbody>\n<tr style=\"background-color: #f2f2f2;\">\n<td><strong style=\"font-size: 17px;\">Technical characteristics<\/strong><\/td>\n<td><\/td>\n<\/tr>\n<tr>\n<td><\/td>\n<td><\/td>\n<\/tr>\n<tr>\n<td><\/td>\n<td><\/td>\n<\/tr>\n<tr>\n<td><strong>Ref. Model<\/strong><\/td>\n<td>\u00a02074<\/td>\n<\/tr>\n<tr>\n<td><b>Measures<\/b><\/td>\n<td>\u00a0250 x 48 x 130 mm<\/td>\n<\/tr>\n<tr>\n<td><b>Wheel<\/b><\/td>\n<td>\u00a0Yes<\/td>\n<\/tr>\n<tr>\n<td><b>Top<\/b><\/td>\n<td>\u00a0Yes<\/td>\n<\/tr>\n<tr>\n<td><\/td>\n<td><\/td>\n<\/tr>\n<\/tbody>\n<\/table>\n<table style=\"height: 123px;\" width=\"519\">\n<tbody>\n<tr style=\"background-color: #f2f2f2;\">\n<td><span style=\"color: #f2f2f2;\">\u00a0.<\/span><\/td>\n<td><span style=\"color: #f2f2f2;\">\u00a0.<\/span><\/td>\n<\/tr>\n<tr>\n<td><\/td>\n<td><\/td>\n<\/tr>\n<tr>\n<td><strong>Divisores<\/strong><\/td>\n<td>\u00a0Yes<\/td>\n<\/tr>\n<tr>\n<td><b>Nestable<\/b><\/td>\n<td>\u00a0Yes<\/td>\n<\/tr>\n<tr>\n<td><strong>Stackable<\/strong><\/td>\n<td>\u00a0No<\/td>\n<\/tr>\n<tr>\n<td><b>Color<\/b><\/td>\n<td>\u00a0azul, rojo, amarillo, gris<\/td>\n<\/tr>\n<tr>\n<td><\/td>\n<td><\/td>\n<\/tr>\n<tr>\n<td><\/td>\n<td><\/td>\n<\/tr>\n<\/tbody>\n<\/table>\n<table style=\"height: 120px;\" width=\"517\">\n<tbody>\n<tr style=\"background-color: #f2f2f2;\">\n<td><strong style=\"font-size: 17px;\">Product Information<\/strong><\/td>\n<td><\/td>\n<\/tr>\n<tr>\n<td><a href=\"https:\/\/grupopaletplastic.es\/wp-content\/uploads\/storage-bins-nestable.pdf\" target=\"_blank\" rel=\"noopener noreferrer\">Download Technical Sheet<\/a><\/td>\n<td><\/td>\n<\/tr>\n<tr>\n<td><\/td>\n<td><\/td>\n<\/tr>\n<tr>\n<td><\/td>\n<td><\/td>\n<\/tr>\n<\/tbody>\n<\/table>","protected":false},"excerpt":{"rendered":"<p>REFERENCIA: 2074<br \/>\nMEDIDAS: 250 x 48 x 130 mm<br \/>\nVERSI\u00d3N:<br \/>\nBASE EN EL SUELO: <\/p>\n<hr>\n<ul>\n<li>Stability and resistance, virgin material, small parts storage, easy to clean, label holder.<\/li>\n<\/ul>\n<hr \/>\n<div style=\"color: #000000; width: 87%; margin: 0px; float: left;\"><b>Price by unit :<\/b><\/div>\n<p><span id=\"miclase\" style=\"color: #07a259; text-align: right; float: left; font-weight: bold;\">3,80\u20ac<\/span><\/p>\n<div style=\"color: #000000; width: 87%; margin: 0px; float: left;\"><b>Price per pallet:<\/b><\/div>\n<p><span id=\"miclase\" style=\"color: #07a259; text-align: right; float: left; font-weight: bold;\">Query<\/span><\/p>\n<div style=\"color: #000000; width: 87%; margin: 0px; float: left;\"><b>Approximate shipping time: <\/b><\/div>\n<p><span id=\"miclase\" style=\"color: #07a259; text-align: right; float: left; font-weight: bold;\">72\/84H<\/span><\/p>\n<p><!--<a href=\"#\" target=\"_blank\" rel=\"noopener noreferrer\">Descargar Ficha T\u00e9cnica<\/a>--><\/p>","protected":false},"featured_media":4603,"comment_status":"closed","ping_status":"closed","template":"","meta":{"site-sidebar-layout":"default","site-content-layout":"default","ast-global-header-display":"","ast-main-header-display":"","ast-hfb-above-header-display":"","ast-hfb-below-header-display":"","ast-hfb-mobile-header-display":"","site-post-title":"","ast-breadcrumbs-content":"","ast-featured-img":"","footer-sml-layout":"","theme-transparent-header-meta":"default","adv-header-id-meta":"","stick-header-meta":"","header-above-stick-meta":"","header-main-stick-meta":"","header-below-stick-meta":""},"product_brand":[],"product_cat":[67,68],"product_tag":[],"class_list":{"0":"post-2936","1":"product","2":"type-product","3":"status-publish","4":"has-post-thumbnail","6":"product_cat-bandejas-y-gavetas-de-almacenaje","7":"product_cat-cubetas","8":"desktop-align-left","9":"tablet-align-left","10":"mobile-align-left","12":"first","13":"instock","14":"shipping-taxable","15":"purchasable","16":"product-type-simple"},"yoast_head":"<!-- This site is optimized with the Yoast SEO Premium plugin v19.2.1 (Yoast SEO v27.2) - https:\/\/yoast.com\/product\/yoast-seo-premium-wordpress\/ -->\n<title>Cubeta Encajable 2074 - Grupo Paletplastic<\/title>\n<meta name=\"robots\" content=\"index, follow, max-snippet:-1, max-image-preview:large, max-video-preview:-1\" \/>\n<link rel=\"canonical\" href=\"https:\/\/grupopaletplastic.es\/en\/product\/cubeta-encajable-2074\/\" \/>\n<meta property=\"og:locale\" content=\"en_GB\" \/>\n<meta property=\"og:type\" content=\"article\" \/>\n<meta property=\"og:title\" content=\"Cubeta Encajable 2074\" \/>\n<meta property=\"og:description\" content=\"REFERENCIA: 2074 MEDIDAS: 250 x 48 x 130 mm VERSI\u00d3N:  BASE EN EL SUELO:     Estabilidad y resistencia, material virgen, almacenamiento piezas peque\u00f1as, f\u00e1cil de limpiar, porta etiquetas.     Precio por unidad : 3,80\u20ac Precio por palet : consulta Env\u00edo tiempo aproximado:  72\/84H\" \/>\n<meta property=\"og:url\" content=\"https:\/\/grupopaletplastic.es\/en\/product\/cubeta-encajable-2074\/\" \/>\n<meta property=\"og:site_name\" content=\"Grupo Paletplastic\" \/>\n<meta property=\"article:modified_time\" content=\"2023-01-20T12:59:17+00:00\" \/>\n<meta property=\"og:image\" content=\"https:\/\/grupopaletplastic.es\/wp-content\/uploads\/2074.jpg\" \/>\n\t<meta property=\"og:image:width\" content=\"1063\" \/>\n\t<meta property=\"og:image:height\" content=\"711\" \/>\n\t<meta property=\"og:image:type\" content=\"image\/jpeg\" \/>\n<meta name=\"twitter:card\" content=\"summary_large_image\" \/>\n<meta name=\"twitter:label1\" content=\"Estimated reading time\" \/>\n\t<meta name=\"twitter:data1\" content=\"1 minute\" \/>\n<script type=\"application\/ld+json\" class=\"yoast-schema-graph\">{\"@context\":\"https:\/\/schema.org\",\"@graph\":[{\"@type\":\"WebPage\",\"@id\":\"https:\/\/grupopaletplastic.es\/producto\/cubeta-encajable-2074\/\",\"url\":\"https:\/\/grupopaletplastic.es\/producto\/cubeta-encajable-2074\/\",\"name\":\"Cubeta Encajable 2074 - Grupo Paletplastic\",\"isPartOf\":{\"@id\":\"https:\/\/grupopaletplastic.es\/#website\"},\"primaryImageOfPage\":{\"@id\":\"https:\/\/grupopaletplastic.es\/producto\/cubeta-encajable-2074\/#primaryimage\"},\"image\":{\"@id\":\"https:\/\/grupopaletplastic.es\/producto\/cubeta-encajable-2074\/#primaryimage\"},\"thumbnailUrl\":\"https:\/\/grupopaletplastic.es\/wp-content\/uploads\/2074.jpg\",\"datePublished\":\"2017-11-09T16:19:55+00:00\",\"dateModified\":\"2023-01-20T12:59:17+00:00\",\"breadcrumb\":{\"@id\":\"https:\/\/grupopaletplastic.es\/producto\/cubeta-encajable-2074\/#breadcrumb\"},\"inLanguage\":\"en-GB\",\"potentialAction\":[{\"@type\":\"ReadAction\",\"target\":[\"https:\/\/grupopaletplastic.es\/producto\/cubeta-encajable-2074\/\"]}]},{\"@type\":\"ImageObject\",\"inLanguage\":\"en-GB\",\"@id\":\"https:\/\/grupopaletplastic.es\/producto\/cubeta-encajable-2074\/#primaryimage\",\"url\":\"https:\/\/grupopaletplastic.es\/wp-content\/uploads\/2074.jpg\",\"contentUrl\":\"https:\/\/grupopaletplastic.es\/wp-content\/uploads\/2074.jpg\",\"width\":1063,\"height\":711},{\"@type\":\"BreadcrumbList\",\"@id\":\"https:\/\/grupopaletplastic.es\/producto\/cubeta-encajable-2074\/#breadcrumb\",\"itemListElement\":[{\"@type\":\"ListItem\",\"position\":1,\"name\":\"Home\",\"item\":\"https:\/\/grupopaletplastic.es\/\"},{\"@type\":\"ListItem\",\"position\":2,\"name\":\"Productos\",\"item\":\"https:\/\/grupopaletplastic.es\/productos\/\"},{\"@type\":\"ListItem\",\"position\":3,\"name\":\"Cubeta Encajable 2074\"}]},{\"@type\":\"WebSite\",\"@id\":\"https:\/\/grupopaletplastic.es\/#website\",\"url\":\"https:\/\/grupopaletplastic.es\/\",\"name\":\"Grupo Paletplastic\",\"description\":\"En Grupo PaletPlastic somos fabricantes de cajas de pl\u00e1stico y palets de pl\u00e1stico. Hacemos cualquier sistema de almacenaje pl\u00e1stico.\",\"publisher\":{\"@id\":\"https:\/\/grupopaletplastic.es\/#organization\"},\"potentialAction\":[{\"@type\":\"SearchAction\",\"target\":{\"@type\":\"EntryPoint\",\"urlTemplate\":\"https:\/\/grupopaletplastic.es\/?s={search_term_string}\"},\"query-input\":{\"@type\":\"PropertyValueSpecification\",\"valueRequired\":true,\"valueName\":\"search_term_string\"}}],\"inLanguage\":\"en-GB\"},{\"@type\":\"Organization\",\"@id\":\"https:\/\/grupopaletplastic.es\/#organization\",\"name\":\"Grupo Paletplastic\",\"url\":\"https:\/\/grupopaletplastic.es\/\",\"logo\":{\"@type\":\"ImageObject\",\"inLanguage\":\"en-GB\",\"@id\":\"https:\/\/grupopaletplastic.es\/#\/schema\/logo\/image\/\",\"url\":\"https:\/\/grupopaletplastic.es\/wp-content\/uploads\/cropped-logonuevo-1.png\",\"contentUrl\":\"https:\/\/grupopaletplastic.es\/wp-content\/uploads\/cropped-logonuevo-1.png\",\"width\":400,\"height\":157,\"caption\":\"Grupo Paletplastic\"},\"image\":{\"@id\":\"https:\/\/grupopaletplastic.es\/#\/schema\/logo\/image\/\"}}]}<\/script>\n<!-- \/ Yoast SEO Premium plugin. -->","yoast_head_json":{"title":"Cubeta Encajable 2074 - Grupo Paletplastic","robots":{"index":"index","follow":"follow","max-snippet":"max-snippet:-1","max-image-preview":"max-image-preview:large","max-video-preview":"max-video-preview:-1"},"canonical":"https:\/\/grupopaletplastic.es\/en\/product\/cubeta-encajable-2074\/","og_locale":"en_GB","og_type":"article","og_title":"Cubeta Encajable 2074","og_description":"REFERENCIA: 2074 MEDIDAS: 250 x 48 x 130 mm VERSI\u00d3N:  BASE EN EL SUELO:     Estabilidad y resistencia, material virgen, almacenamiento piezas peque\u00f1as, f\u00e1cil de limpiar, porta etiquetas.     Precio por unidad : 3,80\u20ac Precio por palet : consulta Env\u00edo tiempo aproximado:  72\/84H","og_url":"https:\/\/grupopaletplastic.es\/en\/product\/cubeta-encajable-2074\/","og_site_name":"Grupo Paletplastic","article_modified_time":"2023-01-20T12:59:17+00:00","og_image":[{"width":1063,"height":711,"url":"https:\/\/grupopaletplastic.es\/wp-content\/uploads\/2074.jpg","type":"image\/jpeg"}],"twitter_card":"summary_large_image","twitter_misc":{"Estimated reading time":"1 minute"},"schema":{"@context":"https:\/\/schema.org","@graph":[{"@type":"WebPage","@id":"https:\/\/grupopaletplastic.es\/producto\/cubeta-encajable-2074\/","url":"https:\/\/grupopaletplastic.es\/producto\/cubeta-encajable-2074\/","name":"Cubeta Encajable 2074 - Grupo Paletplastic","isPartOf":{"@id":"https:\/\/grupopaletplastic.es\/#website"},"primaryImageOfPage":{"@id":"https:\/\/grupopaletplastic.es\/producto\/cubeta-encajable-2074\/#primaryimage"},"image":{"@id":"https:\/\/grupopaletplastic.es\/producto\/cubeta-encajable-2074\/#primaryimage"},"thumbnailUrl":"https:\/\/grupopaletplastic.es\/wp-content\/uploads\/2074.jpg","datePublished":"2017-11-09T16:19:55+00:00","dateModified":"2023-01-20T12:59:17+00:00","breadcrumb":{"@id":"https:\/\/grupopaletplastic.es\/producto\/cubeta-encajable-2074\/#breadcrumb"},"inLanguage":"en-GB","potentialAction":[{"@type":"ReadAction","target":["https:\/\/grupopaletplastic.es\/producto\/cubeta-encajable-2074\/"]}]},{"@type":"ImageObject","inLanguage":"en-GB","@id":"https:\/\/grupopaletplastic.es\/producto\/cubeta-encajable-2074\/#primaryimage","url":"https:\/\/grupopaletplastic.es\/wp-content\/uploads\/2074.jpg","contentUrl":"https:\/\/grupopaletplastic.es\/wp-content\/uploads\/2074.jpg","width":1063,"height":711},{"@type":"BreadcrumbList","@id":"https:\/\/grupopaletplastic.es\/producto\/cubeta-encajable-2074\/#breadcrumb","itemListElement":[{"@type":"ListItem","position":1,"name":"Home","item":"https:\/\/grupopaletplastic.es\/"},{"@type":"ListItem","position":2,"name":"Productos","item":"https:\/\/grupopaletplastic.es\/productos\/"},{"@type":"ListItem","position":3,"name":"Cubeta Encajable 2074"}]},{"@type":"WebSite","@id":"https:\/\/grupopaletplastic.es\/#website","url":"https:\/\/grupopaletplastic.es\/","name":"Grupo Paletplastic","description":"En Grupo PaletPlastic somos fabricantes de cajas de pl\u00e1stico y palets de pl\u00e1stico. Hacemos cualquier sistema de almacenaje pl\u00e1stico.","publisher":{"@id":"https:\/\/grupopaletplastic.es\/#organization"},"potentialAction":[{"@type":"SearchAction","target":{"@type":"EntryPoint","urlTemplate":"https:\/\/grupopaletplastic.es\/?s={search_term_string}"},"query-input":{"@type":"PropertyValueSpecification","valueRequired":true,"valueName":"search_term_string"}}],"inLanguage":"en-GB"},{"@type":"Organization","@id":"https:\/\/grupopaletplastic.es\/#organization","name":"Grupo Paletplastic","url":"https:\/\/grupopaletplastic.es\/","logo":{"@type":"ImageObject","inLanguage":"en-GB","@id":"https:\/\/grupopaletplastic.es\/#\/schema\/logo\/image\/","url":"https:\/\/grupopaletplastic.es\/wp-content\/uploads\/cropped-logonuevo-1.png","contentUrl":"https:\/\/grupopaletplastic.es\/wp-content\/uploads\/cropped-logonuevo-1.png","width":400,"height":157,"caption":"Grupo Paletplastic"},"image":{"@id":"https:\/\/grupopaletplastic.es\/#\/schema\/logo\/image\/"}}]}},"_links":{"self":[{"href":"https:\/\/grupopaletplastic.es\/en\/wp-json\/wp\/v2\/product\/2936","targetHints":{"allow":["GET"]}}],"collection":[{"href":"https:\/\/grupopaletplastic.es\/en\/wp-json\/wp\/v2\/product"}],"about":[{"href":"https:\/\/grupopaletplastic.es\/en\/wp-json\/wp\/v2\/types\/product"}],"replies":[{"embeddable":true,"href":"https:\/\/grupopaletplastic.es\/en\/wp-json\/wp\/v2\/comments?post=2936"}],"wp:featuredmedia":[{"embeddable":true,"href":"https:\/\/grupopaletplastic.es\/en\/wp-json\/wp\/v2\/media\/4603"}],"wp:attachment":[{"href":"https:\/\/grupopaletplastic.es\/en\/wp-json\/wp\/v2\/media?parent=2936"}],"wp:term":[{"taxonomy":"product_brand","embeddable":true,"href":"https:\/\/grupopaletplastic.es\/en\/wp-json\/wp\/v2\/product_brand?post=2936"},{"taxonomy":"product_cat","embeddable":true,"href":"https:\/\/grupopaletplastic.es\/en\/wp-json\/wp\/v2\/product_cat?post=2936"},{"taxonomy":"product_tag","embeddable":true,"href":"https:\/\/grupopaletplastic.es\/en\/wp-json\/wp\/v2\/product_tag?post=2936"}],"curies":[{"name":"wp","href":"https:\/\/api.w.org\/{rel}","templated":true}]}}