
 

{"id":2989,"date":"2017-11-20T14:19:52","date_gmt":"2017-11-20T14:19:52","guid":{"rendered":"https:\/\/grupopaletplastic.es\/?post_type=product&#038;p=2989"},"modified":"2023-07-24T09:03:35","modified_gmt":"2023-07-24T09:03:35","slug":"caja-carne-600x400x200mm","status":"publish","type":"product","link":"https:\/\/grupopaletplastic.es\/en\/product\/caja-carne-600x400x200mm\/","title":{"rendered":"CAJA CARNE 600x400x200mm"},"content":{"rendered":"<table style=\"height: 162px;\" width=\"516\">\n<tbody>\n<tr style=\"background-color: #f2f2f2;\">\n<td><strong style=\"font-size: 17px;\">Technical characteristics<\/strong><\/td>\n<td><\/td>\n<\/tr>\n<tr>\n<td><\/td>\n<td><\/td>\n<\/tr>\n<tr>\n<td><\/td>\n<td><\/td>\n<\/tr>\n<tr>\n<td><strong>External measurements<\/strong><\/td>\n<td>600 x 400 x 200 mm<\/td>\n<\/tr>\n<tr>\n<td><b>Internal measures<\/b><\/td>\n<td>580 x 380 x 180 mm<\/td>\n<\/tr>\n<tr>\n<td><b>Volume<\/b><\/td>\n<td>40l<\/td>\n<\/tr>\n<tr>\n<td><strong>Weight<\/strong><\/td>\n<td>2 kg<\/td>\n<\/tr>\n<\/tbody>\n<\/table>\n<table style=\"height: 123px;\" width=\"519\">\n<tbody>\n<tr style=\"background-color: #f2f2f2;\">\n<td><span style=\"color: #f2f2f2;\">\u00a0.<\/span><\/td>\n<td><span style=\"color: #f2f2f2;\">\u00a0.<\/span><\/td>\n<\/tr>\n<tr>\n<td><\/td>\n<td><\/td>\n<\/tr>\n<tr>\n<td><\/td>\n<td><\/td>\n<\/tr>\n<tr>\n<td><strong>Color<\/strong><\/td>\n<td>rojo<\/td>\n<\/tr>\n<tr>\n<td><strong>Base<\/strong><\/td>\n<td>lisa<\/td>\n<\/tr>\n<tr>\n<td><strong>Walls<\/strong><\/td>\n<td>cerradas<\/td>\n<\/tr>\n<\/tbody>\n<\/table>\n<table style=\"height: 120px;\" width=\"517\">\n<tbody>\n<tr style=\"background-color: #f2f2f2;\">\n<td><strong style=\"font-size: 17px;\">Product Information<\/strong><\/td>\n<td><\/td>\n<\/tr>\n<tr>\n<td><a href=\"https:\/\/grupopaletplastic.es\/wp-content\/uploads\/mod.-e2.pdf\" target=\"_blank\" rel=\"noopener noreferrer\">Download Technical Sheet<\/a><\/td>\n<td><\/td>\n<\/tr>\n<tr>\n<td><\/td>\n<td><\/td>\n<\/tr>\n<tr>\n<td><\/td>\n<td><\/td>\n<\/tr>\n<\/tbody>\n<\/table>\n<p>&nbsp;<\/p>","protected":false},"excerpt":{"rendered":"<p>REFERENCIA: Mod. E2<br \/>\nMEDIDAS: 600 x 400 x 200 mm<br \/>\nVERSI\u00d3N:<br \/>\nBASE EN EL SUELO: LISA<\/p>\n<hr>\n<ul>\n<li>Disponible en HDPE, uso alimentario,apilable, f\u00e1cil de limpiar<\/li>\n<\/ul>\n<hr \/>\n<div style=\"color: #000000; width: 87%; margin: 0px; float: left;\"><b>Price by unit :<\/b><\/div>\n<p><span id=\"miclase\" style=\"color: #07a259; text-align: right; float: left; font-weight: bold;\">5,90\u20ac<\/span><\/p>\n<div style=\"color: #000000; width: 87%; margin: 0px; float: left;\"><b>Precio por cami\u00f3n :<\/b><\/div>\n<p><span id=\"miclase\" style=\"color: #07a259; text-align: right; float: left; font-weight: bold;\">4,10\u20ac<\/span><\/p>\n<div style=\"color: #000000; width: 87%; margin: 0px; float: left;\"><b>Approximate shipping time: <\/b><\/div>\n<p><span id=\"miclase\" style=\"color: #07a259; text-align: right; float: left; font-weight: bold;\">72\/84H<\/span><\/p>\n<p><!--<a href=\"https:\/\/grupopaletplastic.es\/wp-content\/uploads\/03-40-eurobox-container-4618.pdf\" target=\"_blank\" rel=\"noopener noreferrer\">Descargar Ficha T\u00e9cnica<\/a>--><\/p>","protected":false},"featured_media":4608,"comment_status":"closed","ping_status":"closed","template":"","meta":{"site-sidebar-layout":"default","site-content-layout":"default","ast-global-header-display":"","ast-main-header-display":"","ast-hfb-above-header-display":"","ast-hfb-below-header-display":"","ast-hfb-mobile-header-display":"","site-post-title":"","ast-breadcrumbs-content":"","ast-featured-img":"","footer-sml-layout":"","theme-transparent-header-meta":"default","adv-header-id-meta":"","stick-header-meta":"","header-above-stick-meta":"","header-main-stick-meta":"","header-below-stick-meta":""},"product_brand":[],"product_cat":[40,155],"product_tag":[],"class_list":{"0":"post-2989","1":"product","2":"type-product","3":"status-publish","4":"has-post-thumbnail","6":"product_cat-cajas","7":"product_cat-cajas-panaderas-600x400","8":"product_shipping_class-mod-119-env-mod-124-env","9":"desktop-align-left","10":"tablet-align-left","11":"mobile-align-left","13":"first","14":"instock","15":"shipping-taxable","16":"purchasable","17":"product-type-simple"},"yoast_head":"<!-- This site is optimized with the Yoast SEO Premium plugin v19.2.1 (Yoast SEO v27.2) - https:\/\/yoast.com\/product\/yoast-seo-premium-wordpress\/ -->\n<title>CAJA CARNE 600x400x200mm - Grupo Paletplastic<\/title>\n<meta name=\"robots\" content=\"index, follow, max-snippet:-1, max-image-preview:large, max-video-preview:-1\" \/>\n<link rel=\"canonical\" href=\"https:\/\/grupopaletplastic.es\/en\/product\/caja-carne-600x400x200mm\/\" \/>\n<meta property=\"og:locale\" content=\"en_GB\" \/>\n<meta property=\"og:type\" content=\"article\" \/>\n<meta property=\"og:title\" content=\"CAJA CARNE 600x400x200mm\" \/>\n<meta property=\"og:description\" content=\"REFERENCIA: Mod. E2 MEDIDAS: 600 x 400 x 200 mm VERSI\u00d3N:  BASE EN EL SUELO: LISA    Disponible en HDPE, uso alimentario,apilable, f\u00e1cil de limpiar     Precio por unidad : 5,90\u20ac Precio por cami\u00f3n : 4,10\u20ac Env\u00edo tiempo aproximado:  72\/84H\" \/>\n<meta property=\"og:url\" content=\"https:\/\/grupopaletplastic.es\/en\/product\/caja-carne-600x400x200mm\/\" \/>\n<meta property=\"og:site_name\" content=\"Grupo Paletplastic\" \/>\n<meta property=\"article:modified_time\" content=\"2023-07-24T09:03:35+00:00\" \/>\n<meta property=\"og:image\" content=\"https:\/\/grupopaletplastic.es\/wp-content\/uploads\/e2_.jpg\" \/>\n\t<meta property=\"og:image:width\" content=\"750\" \/>\n\t<meta property=\"og:image:height\" content=\"750\" \/>\n\t<meta property=\"og:image:type\" content=\"image\/jpeg\" \/>\n<meta name=\"twitter:card\" content=\"summary_large_image\" \/>\n<meta name=\"twitter:label1\" content=\"Estimated reading time\" \/>\n\t<meta name=\"twitter:data1\" content=\"1 minute\" \/>\n<script type=\"application\/ld+json\" class=\"yoast-schema-graph\">{\"@context\":\"https:\/\/schema.org\",\"@graph\":[{\"@type\":\"WebPage\",\"@id\":\"https:\/\/grupopaletplastic.es\/producto\/caja-carne-600x400x200mm\/\",\"url\":\"https:\/\/grupopaletplastic.es\/producto\/caja-carne-600x400x200mm\/\",\"name\":\"CAJA CARNE 600x400x200mm - Grupo Paletplastic\",\"isPartOf\":{\"@id\":\"https:\/\/grupopaletplastic.es\/#website\"},\"primaryImageOfPage\":{\"@id\":\"https:\/\/grupopaletplastic.es\/producto\/caja-carne-600x400x200mm\/#primaryimage\"},\"image\":{\"@id\":\"https:\/\/grupopaletplastic.es\/producto\/caja-carne-600x400x200mm\/#primaryimage\"},\"thumbnailUrl\":\"https:\/\/grupopaletplastic.es\/wp-content\/uploads\/e2_.jpg\",\"datePublished\":\"2017-11-20T14:19:52+00:00\",\"dateModified\":\"2023-07-24T09:03:35+00:00\",\"breadcrumb\":{\"@id\":\"https:\/\/grupopaletplastic.es\/producto\/caja-carne-600x400x200mm\/#breadcrumb\"},\"inLanguage\":\"en-GB\",\"potentialAction\":[{\"@type\":\"ReadAction\",\"target\":[\"https:\/\/grupopaletplastic.es\/producto\/caja-carne-600x400x200mm\/\"]}]},{\"@type\":\"ImageObject\",\"inLanguage\":\"en-GB\",\"@id\":\"https:\/\/grupopaletplastic.es\/producto\/caja-carne-600x400x200mm\/#primaryimage\",\"url\":\"https:\/\/grupopaletplastic.es\/wp-content\/uploads\/e2_.jpg\",\"contentUrl\":\"https:\/\/grupopaletplastic.es\/wp-content\/uploads\/e2_.jpg\",\"width\":750,\"height\":750},{\"@type\":\"BreadcrumbList\",\"@id\":\"https:\/\/grupopaletplastic.es\/producto\/caja-carne-600x400x200mm\/#breadcrumb\",\"itemListElement\":[{\"@type\":\"ListItem\",\"position\":1,\"name\":\"Home\",\"item\":\"https:\/\/grupopaletplastic.es\/\"},{\"@type\":\"ListItem\",\"position\":2,\"name\":\"Productos\",\"item\":\"https:\/\/grupopaletplastic.es\/productos\/\"},{\"@type\":\"ListItem\",\"position\":3,\"name\":\"CAJA CARNE 600x400x200mm\"}]},{\"@type\":\"WebSite\",\"@id\":\"https:\/\/grupopaletplastic.es\/#website\",\"url\":\"https:\/\/grupopaletplastic.es\/\",\"name\":\"Grupo Paletplastic\",\"description\":\"En Grupo PaletPlastic somos fabricantes de cajas de pl\u00e1stico y palets de pl\u00e1stico. Hacemos cualquier sistema de almacenaje pl\u00e1stico.\",\"publisher\":{\"@id\":\"https:\/\/grupopaletplastic.es\/#organization\"},\"potentialAction\":[{\"@type\":\"SearchAction\",\"target\":{\"@type\":\"EntryPoint\",\"urlTemplate\":\"https:\/\/grupopaletplastic.es\/?s={search_term_string}\"},\"query-input\":{\"@type\":\"PropertyValueSpecification\",\"valueRequired\":true,\"valueName\":\"search_term_string\"}}],\"inLanguage\":\"en-GB\"},{\"@type\":\"Organization\",\"@id\":\"https:\/\/grupopaletplastic.es\/#organization\",\"name\":\"Grupo Paletplastic\",\"url\":\"https:\/\/grupopaletplastic.es\/\",\"logo\":{\"@type\":\"ImageObject\",\"inLanguage\":\"en-GB\",\"@id\":\"https:\/\/grupopaletplastic.es\/#\/schema\/logo\/image\/\",\"url\":\"https:\/\/grupopaletplastic.es\/wp-content\/uploads\/cropped-logonuevo-1.png\",\"contentUrl\":\"https:\/\/grupopaletplastic.es\/wp-content\/uploads\/cropped-logonuevo-1.png\",\"width\":400,\"height\":157,\"caption\":\"Grupo Paletplastic\"},\"image\":{\"@id\":\"https:\/\/grupopaletplastic.es\/#\/schema\/logo\/image\/\"}}]}<\/script>\n<!-- \/ Yoast SEO Premium plugin. -->","yoast_head_json":{"title":"CAJA CARNE 600x400x200mm - Grupo Paletplastic","robots":{"index":"index","follow":"follow","max-snippet":"max-snippet:-1","max-image-preview":"max-image-preview:large","max-video-preview":"max-video-preview:-1"},"canonical":"https:\/\/grupopaletplastic.es\/en\/product\/caja-carne-600x400x200mm\/","og_locale":"en_GB","og_type":"article","og_title":"CAJA CARNE 600x400x200mm","og_description":"REFERENCIA: Mod. E2 MEDIDAS: 600 x 400 x 200 mm VERSI\u00d3N:  BASE EN EL SUELO: LISA    Disponible en HDPE, uso alimentario,apilable, f\u00e1cil de limpiar     Precio por unidad : 5,90\u20ac Precio por cami\u00f3n : 4,10\u20ac Env\u00edo tiempo aproximado:  72\/84H","og_url":"https:\/\/grupopaletplastic.es\/en\/product\/caja-carne-600x400x200mm\/","og_site_name":"Grupo Paletplastic","article_modified_time":"2023-07-24T09:03:35+00:00","og_image":[{"width":750,"height":750,"url":"https:\/\/grupopaletplastic.es\/wp-content\/uploads\/e2_.jpg","type":"image\/jpeg"}],"twitter_card":"summary_large_image","twitter_misc":{"Estimated reading time":"1 minute"},"schema":{"@context":"https:\/\/schema.org","@graph":[{"@type":"WebPage","@id":"https:\/\/grupopaletplastic.es\/producto\/caja-carne-600x400x200mm\/","url":"https:\/\/grupopaletplastic.es\/producto\/caja-carne-600x400x200mm\/","name":"CAJA CARNE 600x400x200mm - Grupo Paletplastic","isPartOf":{"@id":"https:\/\/grupopaletplastic.es\/#website"},"primaryImageOfPage":{"@id":"https:\/\/grupopaletplastic.es\/producto\/caja-carne-600x400x200mm\/#primaryimage"},"image":{"@id":"https:\/\/grupopaletplastic.es\/producto\/caja-carne-600x400x200mm\/#primaryimage"},"thumbnailUrl":"https:\/\/grupopaletplastic.es\/wp-content\/uploads\/e2_.jpg","datePublished":"2017-11-20T14:19:52+00:00","dateModified":"2023-07-24T09:03:35+00:00","breadcrumb":{"@id":"https:\/\/grupopaletplastic.es\/producto\/caja-carne-600x400x200mm\/#breadcrumb"},"inLanguage":"en-GB","potentialAction":[{"@type":"ReadAction","target":["https:\/\/grupopaletplastic.es\/producto\/caja-carne-600x400x200mm\/"]}]},{"@type":"ImageObject","inLanguage":"en-GB","@id":"https:\/\/grupopaletplastic.es\/producto\/caja-carne-600x400x200mm\/#primaryimage","url":"https:\/\/grupopaletplastic.es\/wp-content\/uploads\/e2_.jpg","contentUrl":"https:\/\/grupopaletplastic.es\/wp-content\/uploads\/e2_.jpg","width":750,"height":750},{"@type":"BreadcrumbList","@id":"https:\/\/grupopaletplastic.es\/producto\/caja-carne-600x400x200mm\/#breadcrumb","itemListElement":[{"@type":"ListItem","position":1,"name":"Home","item":"https:\/\/grupopaletplastic.es\/"},{"@type":"ListItem","position":2,"name":"Productos","item":"https:\/\/grupopaletplastic.es\/productos\/"},{"@type":"ListItem","position":3,"name":"CAJA CARNE 600x400x200mm"}]},{"@type":"WebSite","@id":"https:\/\/grupopaletplastic.es\/#website","url":"https:\/\/grupopaletplastic.es\/","name":"Grupo Paletplastic","description":"En Grupo PaletPlastic somos fabricantes de cajas de pl\u00e1stico y palets de pl\u00e1stico. Hacemos cualquier sistema de almacenaje pl\u00e1stico.","publisher":{"@id":"https:\/\/grupopaletplastic.es\/#organization"},"potentialAction":[{"@type":"SearchAction","target":{"@type":"EntryPoint","urlTemplate":"https:\/\/grupopaletplastic.es\/?s={search_term_string}"},"query-input":{"@type":"PropertyValueSpecification","valueRequired":true,"valueName":"search_term_string"}}],"inLanguage":"en-GB"},{"@type":"Organization","@id":"https:\/\/grupopaletplastic.es\/#organization","name":"Grupo Paletplastic","url":"https:\/\/grupopaletplastic.es\/","logo":{"@type":"ImageObject","inLanguage":"en-GB","@id":"https:\/\/grupopaletplastic.es\/#\/schema\/logo\/image\/","url":"https:\/\/grupopaletplastic.es\/wp-content\/uploads\/cropped-logonuevo-1.png","contentUrl":"https:\/\/grupopaletplastic.es\/wp-content\/uploads\/cropped-logonuevo-1.png","width":400,"height":157,"caption":"Grupo Paletplastic"},"image":{"@id":"https:\/\/grupopaletplastic.es\/#\/schema\/logo\/image\/"}}]}},"_links":{"self":[{"href":"https:\/\/grupopaletplastic.es\/en\/wp-json\/wp\/v2\/product\/2989","targetHints":{"allow":["GET"]}}],"collection":[{"href":"https:\/\/grupopaletplastic.es\/en\/wp-json\/wp\/v2\/product"}],"about":[{"href":"https:\/\/grupopaletplastic.es\/en\/wp-json\/wp\/v2\/types\/product"}],"replies":[{"embeddable":true,"href":"https:\/\/grupopaletplastic.es\/en\/wp-json\/wp\/v2\/comments?post=2989"}],"wp:featuredmedia":[{"embeddable":true,"href":"https:\/\/grupopaletplastic.es\/en\/wp-json\/wp\/v2\/media\/4608"}],"wp:attachment":[{"href":"https:\/\/grupopaletplastic.es\/en\/wp-json\/wp\/v2\/media?parent=2989"}],"wp:term":[{"taxonomy":"product_brand","embeddable":true,"href":"https:\/\/grupopaletplastic.es\/en\/wp-json\/wp\/v2\/product_brand?post=2989"},{"taxonomy":"product_cat","embeddable":true,"href":"https:\/\/grupopaletplastic.es\/en\/wp-json\/wp\/v2\/product_cat?post=2989"},{"taxonomy":"product_tag","embeddable":true,"href":"https:\/\/grupopaletplastic.es\/en\/wp-json\/wp\/v2\/product_tag?post=2989"}],"curies":[{"name":"wp","href":"https:\/\/api.w.org\/{rel}","templated":true}]}}