
 

{"id":151,"date":"2022-08-19T00:10:02","date_gmt":"2022-08-19T00:10:02","guid":{"rendered":"https:\/\/grupopaletplastic.es\/?page_id=151"},"modified":"2022-08-19T00:10:02","modified_gmt":"2022-08-19T00:10:02","slug":"aviso-legal","status":"publish","type":"page","link":"https:\/\/grupopaletplastic.es\/fr\/aviso-legal\/","title":{"rendered":"Aviso legal"},"content":{"rendered":"<p>Gracias por visitar esta p\u00e1gina web. Por favor, lea atentamente los T\u00e9rminos y Condiciones contenidos en este documento, ya que cada vez que se usa esta p\u00e1gina web est\u00e1 aceptando los que aqu\u00ed se exponen. Nos reservamos el derecho de realizar cambios y correcciones en esta nota legal. Por favor, consulte esta p\u00e1gina de vez en cuando para revisar \u00e9stas y nuevas informaciones adicionales.<\/p>\n\n\n\n<h2 class=\"wp-block-heading\">Informaci\u00f3n general sobre la corporaci\u00f3n<\/h2>\n\n\n\n<p>De acuerdo con la especificaci\u00f3n del apartado 1 del art\u00edculo 10 de la Ley de Servicios de la Sociedad de la Informaci\u00f3n y de Comercio Electr\u00f3nico (en adelante LSSI) mostramos la informaci\u00f3n referente al prestador de servicios vinculado a este dominio web, con el cual se acuerdan los t\u00e9rminos y condiciones del presente documento.<\/p>\n\n\n\n<h2 class=\"wp-block-heading\">PALETPLASTIC<\/h2>\n\n\n\n<ul class=\"wp-block-list\"><li>Nombre: PALETPLASTIC LEVANTE S.L.<\/li><li>Direcci\u00f3n: Calle Extremadura, 8, 30320 Fuente \u00c1lamo, Murcia<\/li><li>Correo electr\u00f3nico: administracion@grupopaletplastic.es<\/li><li>Datos de inscripci\u00f3n en el Registro mercantil: PALETPLASTIC LEVANTE S.L., inscrita en el Registro Mercantil de X, Tomo X, Libro X, Folio X, Secci\u00f3n X, Hoja X<\/li><li>Tel\u00e9fono: (+34) 968598103<\/li><li>Fax: (+34) 968598103<\/li><li>NIF: B30800411<\/li><\/ul>\n\n\n\n<h2 class=\"wp-block-heading\">SOLUPLASTIC<\/h2>\n\n\n\n<ul class=\"wp-block-list\"><li>Nombre: SOLUPLASTIC S.L.<\/li><li>Direcci\u00f3n: Calle Extremadura, 8, 30320 Fuente \u00c1lamo, Murcia<\/li><li>Correo electr\u00f3nico: administracion@grupopaletplastic.es<\/li><li>Datos de inscripci\u00f3n en el Registro mercantil: SOLUPLASTIC S.L., inscrita en el Registro Mercantil de X, Tomo X, Libro X, Folio X, Secci\u00f3n X, Hoja X<\/li><li>Tel\u00e9fono: (+34) 968598103<\/li><li>Fax: (+34) 968598103<\/li><li>NIF: B30846158<\/li><\/ul>\n\n\n\n<h1 class=\"wp-block-heading\">Pol\u00edtica de Cookies<\/h1>\n\n\n\n<p>Este dominio utiliza cookies para ofrecer una mejor experiencia de navegaci\u00f3n y prestar un mejor servicio. La navegaci\u00f3n por la presente p\u00e1gina web establece la aceptaci\u00f3n de nuestra Pol\u00edtica de Cookies.<\/p>\n\n\n\n<p>\u2018www.grupopaletplastic.es\u2019 realiza la inclusi\u00f3n de \u00e9stos sistemas informando al usuario sobre su uso, obteniendo el consentimiento e informando del procedimiento de revocaci\u00f3n del mismo con arreglo al art\u00edculo 22 de la LSSI y siguiendo las directivas de la AEPD sobre el uso de cookies.<\/p>\n\n\n\n<p>Para m\u00e1s informaci\u00f3n sobre el uso de cookies visite <a href=\"https:\/\/grupopaletplastic.es\/fr\/politica-de-cookies\/\">Pol\u00edtica de Cookies<\/a>.<\/p>\n\n\n\n<h2 class=\"wp-block-heading\">Protecci\u00f3n de Datos<\/h2>\n\n\n\n<p>De acuerdo con lo establecido en el Real Decreto 1720\/2007, de 21 de diciembre, por el que se aprueba el Reglamento de desarrollo de la Ley Org\u00e1nica 15\/1999, de 13 de diciembre, de protecci\u00f3n de datos de car\u00e1cter personal y el reglamento (UE) 2016\/679 del parlamento europeo y del consejo de 27 de abril de 2016 (RGPD) le informamos que sus datos de car\u00e1cter personal recogidos por medio de los formularios de contacto o direcciones de correo publicadas en la web ser\u00e1n objeto de tratamiento.<\/p>\n\n\n\n<p>Los datos de car\u00e1cter personal se almacenar\u00e1n el tiempo necesario para realizar el tratamiento para el que fueron recabados o hasta que el interesado ejerza su derecho de supresi\u00f3n de los mismos.<\/p>\n\n\n\n<p>El responsable del fichero es el PALETPLASTIC LEVANTE S.L. con NIF B30800411 y domicilio en Calle Extremadura, 8, 30320 Fuente \u00c1lamo, Murcia.<\/p>\n\n\n\n<p>Usted podr\u00e1, en cualquier momento, ejercer el derecho de acceso, rectificaci\u00f3n o supresi\u00f3n escribiendo un correo a administracion@grupopaletplastic.es.<\/p>\n\n\n\n<p>Para m\u00e1s informaci\u00f3n sobre el uso de sus datos de car\u00e1cter personal visite <a href=\"https:\/\/grupopaletplastic.es\/fr\/politica-de-privacidad\/\">Pol\u00edtica de Privacidad.<\/a><\/p>","protected":false},"excerpt":{"rendered":"<p>Gracias por visitar esta p\u00e1gina web. Por favor, lea atentamente los T\u00e9rminos y Condiciones contenidos en este documento, ya que cada vez que se usa esta p\u00e1gina web est\u00e1 aceptando los que aqu\u00ed se exponen. Nos reservamos el derecho de realizar cambios y correcciones en esta nota legal. Por favor, consulte esta p\u00e1gina de vez &hellip;<\/p>\n<p class=\"read-more\"> <a class=\"\" href=\"https:\/\/grupopaletplastic.es\/fr\/aviso-legal\/\"> <span class=\"screen-reader-text\">Aviso legal<\/span> Lire la suite\u00a0\u00bb<\/a><\/p>","protected":false},"author":1,"featured_media":0,"parent":0,"menu_order":0,"comment_status":"closed","ping_status":"closed","template":"","meta":{"site-sidebar-layout":"default","site-content-layout":"default","ast-global-header-display":"","ast-main-header-display":"","ast-hfb-above-header-display":"","ast-hfb-below-header-display":"","ast-hfb-mobile-header-display":"","site-post-title":"","ast-breadcrumbs-content":"","ast-featured-img":"","footer-sml-layout":"","theme-transparent-header-meta":"","adv-header-id-meta":"","stick-header-meta":"","header-above-stick-meta":"","header-main-stick-meta":"","header-below-stick-meta":"","footnotes":""},"class_list":["post-151","page","type-page","status-publish","hentry"],"yoast_head":"<!-- This site is optimized with the Yoast SEO Premium plugin v19.2.1 (Yoast SEO v27.2) - https:\/\/yoast.com\/product\/yoast-seo-premium-wordpress\/ -->\n<title>Aviso legal - Grupo Paletplastic<\/title>\n<meta name=\"robots\" content=\"index, follow, max-snippet:-1, max-image-preview:large, max-video-preview:-1\" \/>\n<link rel=\"canonical\" href=\"https:\/\/grupopaletplastic.es\/fr\/aviso-legal\/\" \/>\n<meta property=\"og:locale\" content=\"fr_FR\" \/>\n<meta property=\"og:type\" content=\"article\" \/>\n<meta property=\"og:title\" content=\"Aviso legal\" \/>\n<meta property=\"og:description\" content=\"Gracias por visitar esta p\u00e1gina web. Por favor, lea atentamente los T\u00e9rminos y Condiciones contenidos en este documento, ya que cada vez que se usa esta p\u00e1gina web est\u00e1 aceptando los que aqu\u00ed se exponen. Nos reservamos el derecho de realizar cambios y correcciones en esta nota legal. Por favor, consulte esta p\u00e1gina de vez &hellip; Aviso legal Lire la suite\u00a0\u00bb\" \/>\n<meta property=\"og:url\" content=\"https:\/\/grupopaletplastic.es\/fr\/aviso-legal\/\" \/>\n<meta property=\"og:site_name\" content=\"Grupo Paletplastic\" \/>\n<meta name=\"twitter:card\" content=\"summary_large_image\" \/>\n<meta name=\"twitter:label1\" content=\"Dur\u00e9e de lecture estim\u00e9e\" \/>\n\t<meta name=\"twitter:data1\" content=\"3 minutes\" \/>\n<script type=\"application\/ld+json\" class=\"yoast-schema-graph\">{\"@context\":\"https:\/\/schema.org\",\"@graph\":[{\"@type\":\"WebPage\",\"@id\":\"https:\/\/grupopaletplastic.es\/aviso-legal\/\",\"url\":\"https:\/\/grupopaletplastic.es\/aviso-legal\/\",\"name\":\"Aviso legal - Grupo Paletplastic\",\"isPartOf\":{\"@id\":\"https:\/\/grupopaletplastic.es\/#website\"},\"datePublished\":\"2022-08-19T00:10:02+00:00\",\"breadcrumb\":{\"@id\":\"https:\/\/grupopaletplastic.es\/aviso-legal\/#breadcrumb\"},\"inLanguage\":\"fr-FR\",\"potentialAction\":[{\"@type\":\"ReadAction\",\"target\":[\"https:\/\/grupopaletplastic.es\/aviso-legal\/\"]}]},{\"@type\":\"BreadcrumbList\",\"@id\":\"https:\/\/grupopaletplastic.es\/aviso-legal\/#breadcrumb\",\"itemListElement\":[{\"@type\":\"ListItem\",\"position\":1,\"name\":\"Home\",\"item\":\"https:\/\/grupopaletplastic.es\/\"},{\"@type\":\"ListItem\",\"position\":2,\"name\":\"Aviso legal\"}]},{\"@type\":\"WebSite\",\"@id\":\"https:\/\/grupopaletplastic.es\/#website\",\"url\":\"https:\/\/grupopaletplastic.es\/\",\"name\":\"Grupo Paletplastic\",\"description\":\"En Grupo PaletPlastic somos fabricantes de cajas de pl\u00e1stico y palets de pl\u00e1stico. Hacemos cualquier sistema de almacenaje pl\u00e1stico.\",\"publisher\":{\"@id\":\"https:\/\/grupopaletplastic.es\/#organization\"},\"potentialAction\":[{\"@type\":\"SearchAction\",\"target\":{\"@type\":\"EntryPoint\",\"urlTemplate\":\"https:\/\/grupopaletplastic.es\/?s={search_term_string}\"},\"query-input\":{\"@type\":\"PropertyValueSpecification\",\"valueRequired\":true,\"valueName\":\"search_term_string\"}}],\"inLanguage\":\"fr-FR\"},{\"@type\":\"Organization\",\"@id\":\"https:\/\/grupopaletplastic.es\/#organization\",\"name\":\"Grupo Paletplastic\",\"url\":\"https:\/\/grupopaletplastic.es\/\",\"logo\":{\"@type\":\"ImageObject\",\"inLanguage\":\"fr-FR\",\"@id\":\"https:\/\/grupopaletplastic.es\/#\/schema\/logo\/image\/\",\"url\":\"https:\/\/grupopaletplastic.es\/wp-content\/uploads\/cropped-logonuevo-1.png\",\"contentUrl\":\"https:\/\/grupopaletplastic.es\/wp-content\/uploads\/cropped-logonuevo-1.png\",\"width\":400,\"height\":157,\"caption\":\"Grupo Paletplastic\"},\"image\":{\"@id\":\"https:\/\/grupopaletplastic.es\/#\/schema\/logo\/image\/\"}}]}<\/script>\n<!-- \/ Yoast SEO Premium plugin. -->","yoast_head_json":{"title":"Aviso legal - Grupo Paletplastic","robots":{"index":"index","follow":"follow","max-snippet":"max-snippet:-1","max-image-preview":"max-image-preview:large","max-video-preview":"max-video-preview:-1"},"canonical":"https:\/\/grupopaletplastic.es\/fr\/aviso-legal\/","og_locale":"fr_FR","og_type":"article","og_title":"Aviso legal","og_description":"Gracias por visitar esta p\u00e1gina web. Por favor, lea atentamente los T\u00e9rminos y Condiciones contenidos en este documento, ya que cada vez que se usa esta p\u00e1gina web est\u00e1 aceptando los que aqu\u00ed se exponen. Nos reservamos el derecho de realizar cambios y correcciones en esta nota legal. Por favor, consulte esta p\u00e1gina de vez &hellip; Aviso legal Lire la suite\u00a0\u00bb","og_url":"https:\/\/grupopaletplastic.es\/fr\/aviso-legal\/","og_site_name":"Grupo Paletplastic","twitter_card":"summary_large_image","twitter_misc":{"Dur\u00e9e de lecture estim\u00e9e":"3 minutes"},"schema":{"@context":"https:\/\/schema.org","@graph":[{"@type":"WebPage","@id":"https:\/\/grupopaletplastic.es\/aviso-legal\/","url":"https:\/\/grupopaletplastic.es\/aviso-legal\/","name":"Aviso legal - Grupo Paletplastic","isPartOf":{"@id":"https:\/\/grupopaletplastic.es\/#website"},"datePublished":"2022-08-19T00:10:02+00:00","breadcrumb":{"@id":"https:\/\/grupopaletplastic.es\/aviso-legal\/#breadcrumb"},"inLanguage":"fr-FR","potentialAction":[{"@type":"ReadAction","target":["https:\/\/grupopaletplastic.es\/aviso-legal\/"]}]},{"@type":"BreadcrumbList","@id":"https:\/\/grupopaletplastic.es\/aviso-legal\/#breadcrumb","itemListElement":[{"@type":"ListItem","position":1,"name":"Home","item":"https:\/\/grupopaletplastic.es\/"},{"@type":"ListItem","position":2,"name":"Aviso legal"}]},{"@type":"WebSite","@id":"https:\/\/grupopaletplastic.es\/#website","url":"https:\/\/grupopaletplastic.es\/","name":"Grupo Paletplastic","description":"En Grupo PaletPlastic somos fabricantes de cajas de pl\u00e1stico y palets de pl\u00e1stico. Hacemos cualquier sistema de almacenaje pl\u00e1stico.","publisher":{"@id":"https:\/\/grupopaletplastic.es\/#organization"},"potentialAction":[{"@type":"SearchAction","target":{"@type":"EntryPoint","urlTemplate":"https:\/\/grupopaletplastic.es\/?s={search_term_string}"},"query-input":{"@type":"PropertyValueSpecification","valueRequired":true,"valueName":"search_term_string"}}],"inLanguage":"fr-FR"},{"@type":"Organization","@id":"https:\/\/grupopaletplastic.es\/#organization","name":"Grupo Paletplastic","url":"https:\/\/grupopaletplastic.es\/","logo":{"@type":"ImageObject","inLanguage":"fr-FR","@id":"https:\/\/grupopaletplastic.es\/#\/schema\/logo\/image\/","url":"https:\/\/grupopaletplastic.es\/wp-content\/uploads\/cropped-logonuevo-1.png","contentUrl":"https:\/\/grupopaletplastic.es\/wp-content\/uploads\/cropped-logonuevo-1.png","width":400,"height":157,"caption":"Grupo Paletplastic"},"image":{"@id":"https:\/\/grupopaletplastic.es\/#\/schema\/logo\/image\/"}}]}},"_links":{"self":[{"href":"https:\/\/grupopaletplastic.es\/fr\/wp-json\/wp\/v2\/pages\/151","targetHints":{"allow":["GET"]}}],"collection":[{"href":"https:\/\/grupopaletplastic.es\/fr\/wp-json\/wp\/v2\/pages"}],"about":[{"href":"https:\/\/grupopaletplastic.es\/fr\/wp-json\/wp\/v2\/types\/page"}],"author":[{"embeddable":true,"href":"https:\/\/grupopaletplastic.es\/fr\/wp-json\/wp\/v2\/users\/1"}],"replies":[{"embeddable":true,"href":"https:\/\/grupopaletplastic.es\/fr\/wp-json\/wp\/v2\/comments?post=151"}],"version-history":[{"count":1,"href":"https:\/\/grupopaletplastic.es\/fr\/wp-json\/wp\/v2\/pages\/151\/revisions"}],"predecessor-version":[{"id":152,"href":"https:\/\/grupopaletplastic.es\/fr\/wp-json\/wp\/v2\/pages\/151\/revisions\/152"}],"wp:attachment":[{"href":"https:\/\/grupopaletplastic.es\/fr\/wp-json\/wp\/v2\/media?parent=151"}],"curies":[{"name":"wp","href":"https:\/\/api.w.org\/{rel}","templated":true}]}}