
 

{"id":5022,"date":"2022-09-04T22:27:47","date_gmt":"2022-09-04T22:27:47","guid":{"rendered":"https:\/\/grupopaletplastic.es\/cajas-de-plastico-a-medida\/cajas-de-plastico-personalizadas-copy\/"},"modified":"2026-03-03T07:55:42","modified_gmt":"2026-03-03T07:55:42","slug":"palet-personalizados","status":"publish","type":"page","link":"https:\/\/grupopaletplastic.es\/fr\/palet-personalizados\/","title":{"rendered":"Palet personalizados"},"content":{"rendered":"<div data-elementor-type=\"wp-page\" data-elementor-id=\"5022\" class=\"elementor elementor-5022\" data-elementor-post-type=\"page\">\n\t\t\t\t\t\t<section class=\"elementor-section elementor-top-section elementor-element elementor-element-ee20e79 elementor-section-boxed elementor-section-height-default elementor-section-height-default\" data-id=\"ee20e79\" data-element_type=\"section\" data-e-type=\"section\">\n\t\t\t\t\t\t<div class=\"elementor-container elementor-column-gap-default\">\n\t\t\t\t\t<div class=\"elementor-column elementor-col-100 elementor-top-column elementor-element elementor-element-da53901\" data-id=\"da53901\" data-element_type=\"column\" data-e-type=\"column\">\n\t\t\t<div class=\"elementor-widget-wrap elementor-element-populated\">\n\t\t\t\t\t\t<div class=\"elementor-element elementor-element-d18f8e6 elementor-widget elementor-widget-heading\" data-id=\"d18f8e6\" data-element_type=\"widget\" data-e-type=\"widget\" data-widget_type=\"heading.default\">\n\t\t\t\t<div class=\"elementor-widget-container\">\n\t\t\t\t\t<h1 class=\"elementor-heading-title elementor-size-default\"> Palets personalizados<\/h1>\t\t\t\t<\/div>\n\t\t\t\t<\/div>\n\t\t\t\t\t<\/div>\n\t\t<\/div>\n\t\t\t\t\t<\/div>\n\t\t<\/section>\n\t\t\t\t<section class=\"elementor-section elementor-top-section elementor-element elementor-element-0fb888e elementor-section-content-middle elementor-section-boxed elementor-section-height-default elementor-section-height-default\" data-id=\"0fb888e\" data-element_type=\"section\" data-e-type=\"section\">\n\t\t\t\t\t\t<div class=\"elementor-container elementor-column-gap-default\">\n\t\t\t\t\t<div class=\"elementor-column elementor-col-100 elementor-top-column elementor-element elementor-element-28c8da5\" data-id=\"28c8da5\" data-element_type=\"column\" data-e-type=\"column\">\n\t\t\t<div class=\"elementor-widget-wrap elementor-element-populated\">\n\t\t\t\t\t\t<section class=\"elementor-section elementor-inner-section elementor-element elementor-element-b1de41e elementor-section-boxed elementor-section-height-default elementor-section-height-default\" data-id=\"b1de41e\" data-element_type=\"section\" data-e-type=\"section\">\n\t\t\t\t\t\t<div class=\"elementor-container elementor-column-gap-default\">\n\t\t\t\t\t<div class=\"elementor-column elementor-col-20 elementor-inner-column elementor-element elementor-element-1650798\" data-id=\"1650798\" data-element_type=\"column\" data-e-type=\"column\">\n\t\t\t<div class=\"elementor-widget-wrap elementor-element-populated\">\n\t\t\t\t\t\t<div class=\"elementor-element elementor-element-228b0ee elementor-widget elementor-widget-image\" data-id=\"228b0ee\" data-element_type=\"widget\" data-e-type=\"widget\" data-widget_type=\"image.default\">\n\t\t\t\t<div class=\"elementor-widget-container\">\n\t\t\t\t\t\t\t\t\t\t\t\t\t\t\t<img fetchpriority=\"high\" decoding=\"async\" width=\"800\" height=\"350\" src=\"https:\/\/grupopaletplastic.es\/wp-content\/uploads\/1500x10001_1-o14z2agmupmv4ous6gm24y5t6gmh71ta1rs4vrwass.jpg\" class=\"attachment-large size-large wp-image-5024\" alt=\"\" srcset=\"https:\/\/grupopaletplastic.es\/wp-content\/uploads\/1500x10001_1-o14z2agmupmv4ous6gm24y5t6gmh71ta1rs4vrwass.jpg 800w, https:\/\/grupopaletplastic.es\/wp-content\/uploads\/1500x10001_1-o14z2agmupmv4ous6gm24y5t6gmh71ta1rs4vrwass-600x263.jpg 600w, https:\/\/grupopaletplastic.es\/wp-content\/uploads\/1500x10001_1-o14z2agmupmv4ous6gm24y5t6gmh71ta1rs4vrwass-300x131.jpg 300w, https:\/\/grupopaletplastic.es\/wp-content\/uploads\/1500x10001_1-o14z2agmupmv4ous6gm24y5t6gmh71ta1rs4vrwass-768x336.jpg 768w\" sizes=\"(max-width: 800px) 100vw, 800px\" \/>\t\t\t\t\t\t\t\t\t\t\t\t\t\t\t<\/div>\n\t\t\t\t<\/div>\n\t\t\t\t<div class=\"elementor-element elementor-element-e3109d1 elementor-widget elementor-widget-heading\" data-id=\"e3109d1\" data-element_type=\"widget\" data-e-type=\"widget\" data-widget_type=\"heading.default\">\n\t\t\t\t<div class=\"elementor-widget-container\">\n\t\t\t\t\t<p class=\"elementor-heading-title elementor-size-default\">1500 x 1000<\/p>\t\t\t\t<\/div>\n\t\t\t\t<\/div>\n\t\t\t\t\t<\/div>\n\t\t<\/div>\n\t\t\t\t<div class=\"elementor-column elementor-col-20 elementor-inner-column elementor-element elementor-element-eb2e84d\" data-id=\"eb2e84d\" data-element_type=\"column\" data-e-type=\"column\">\n\t\t\t<div class=\"elementor-widget-wrap elementor-element-populated\">\n\t\t\t\t\t\t<div class=\"elementor-element elementor-element-1ba0b4a elementor-widget elementor-widget-image\" data-id=\"1ba0b4a\" data-element_type=\"widget\" data-e-type=\"widget\" data-widget_type=\"image.default\">\n\t\t\t\t<div class=\"elementor-widget-container\">\n\t\t\t\t\t\t\t\t\t\t\t\t\t\t\t<img decoding=\"async\" width=\"800\" height=\"350\" src=\"https:\/\/grupopaletplastic.es\/wp-content\/uploads\/1700x1350_1-o14z2hzcddx5pkjuyjv2ow9hxjlewmn4qt00pzl5f0.jpg\" class=\"attachment-large size-large wp-image-5025\" alt=\"\" srcset=\"https:\/\/grupopaletplastic.es\/wp-content\/uploads\/1700x1350_1-o14z2hzcddx5pkjuyjv2ow9hxjlewmn4qt00pzl5f0.jpg 800w, https:\/\/grupopaletplastic.es\/wp-content\/uploads\/1700x1350_1-o14z2hzcddx5pkjuyjv2ow9hxjlewmn4qt00pzl5f0-600x263.jpg 600w, https:\/\/grupopaletplastic.es\/wp-content\/uploads\/1700x1350_1-o14z2hzcddx5pkjuyjv2ow9hxjlewmn4qt00pzl5f0-300x131.jpg 300w, https:\/\/grupopaletplastic.es\/wp-content\/uploads\/1700x1350_1-o14z2hzcddx5pkjuyjv2ow9hxjlewmn4qt00pzl5f0-768x336.jpg 768w\" sizes=\"(max-width: 800px) 100vw, 800px\" \/>\t\t\t\t\t\t\t\t\t\t\t\t\t\t\t<\/div>\n\t\t\t\t<\/div>\n\t\t\t\t<div class=\"elementor-element elementor-element-7a22264 elementor-widget elementor-widget-heading\" data-id=\"7a22264\" data-element_type=\"widget\" data-e-type=\"widget\" data-widget_type=\"heading.default\">\n\t\t\t\t<div class=\"elementor-widget-container\">\n\t\t\t\t\t<p class=\"elementor-heading-title elementor-size-default\">1700 x 1350<\/p>\t\t\t\t<\/div>\n\t\t\t\t<\/div>\n\t\t\t\t\t<\/div>\n\t\t<\/div>\n\t\t\t\t<div class=\"elementor-column elementor-col-20 elementor-inner-column elementor-element elementor-element-4e8d497\" data-id=\"4e8d497\" data-element_type=\"column\" data-e-type=\"column\">\n\t\t\t<div class=\"elementor-widget-wrap elementor-element-populated\">\n\t\t\t\t\t\t<div class=\"elementor-element elementor-element-016974a elementor-widget elementor-widget-image\" data-id=\"016974a\" data-element_type=\"widget\" data-e-type=\"widget\" data-widget_type=\"image.default\">\n\t\t\t\t<div class=\"elementor-widget-container\">\n\t\t\t\t\t\t\t\t\t\t\t\t\t\t\t<img decoding=\"async\" width=\"800\" height=\"350\" src=\"https:\/\/grupopaletplastic.es\/wp-content\/uploads\/dsc_0033_1-o14z1z6kkp7f9db60bqjb10a1u62moki07yb4gd0vg.jpg\" class=\"attachment-large size-large wp-image-5026\" alt=\"\" srcset=\"https:\/\/grupopaletplastic.es\/wp-content\/uploads\/dsc_0033_1-o14z1z6kkp7f9db60bqjb10a1u62moki07yb4gd0vg.jpg 800w, https:\/\/grupopaletplastic.es\/wp-content\/uploads\/dsc_0033_1-o14z1z6kkp7f9db60bqjb10a1u62moki07yb4gd0vg-600x263.jpg 600w, https:\/\/grupopaletplastic.es\/wp-content\/uploads\/dsc_0033_1-o14z1z6kkp7f9db60bqjb10a1u62moki07yb4gd0vg-300x131.jpg 300w, https:\/\/grupopaletplastic.es\/wp-content\/uploads\/dsc_0033_1-o14z1z6kkp7f9db60bqjb10a1u62moki07yb4gd0vg-768x336.jpg 768w\" sizes=\"(max-width: 800px) 100vw, 800px\" \/>\t\t\t\t\t\t\t\t\t\t\t\t\t\t\t<\/div>\n\t\t\t\t<\/div>\n\t\t\t\t<div class=\"elementor-element elementor-element-f9bd9cf elementor-widget elementor-widget-heading\" data-id=\"f9bd9cf\" data-element_type=\"widget\" data-e-type=\"widget\" data-widget_type=\"heading.default\">\n\t\t\t\t<div class=\"elementor-widget-container\">\n\t\t\t\t\t<p class=\"elementor-heading-title elementor-size-default\">1800 x 1200<\/p>\t\t\t\t<\/div>\n\t\t\t\t<\/div>\n\t\t\t\t\t<\/div>\n\t\t<\/div>\n\t\t\t\t<div class=\"elementor-column elementor-col-20 elementor-inner-column elementor-element elementor-element-4cf51d3\" data-id=\"4cf51d3\" data-element_type=\"column\" data-e-type=\"column\">\n\t\t\t<div class=\"elementor-widget-wrap elementor-element-populated\">\n\t\t\t\t\t\t<div class=\"elementor-element elementor-element-93115ea elementor-widget elementor-widget-image\" data-id=\"93115ea\" data-element_type=\"widget\" data-e-type=\"widget\" data-widget_type=\"image.default\">\n\t\t\t\t<div class=\"elementor-widget-container\">\n\t\t\t\t\t\t\t\t\t\t\t\t\t\t\t<img loading=\"lazy\" decoding=\"async\" width=\"800\" height=\"350\" src=\"https:\/\/grupopaletplastic.es\/wp-content\/uploads\/1800x1600_1-o14z1slp8uyf03kq2qw5bko1w52i4sudnbdwrims30.jpg\" class=\"attachment-large size-large wp-image-5027\" alt=\"\" srcset=\"https:\/\/grupopaletplastic.es\/wp-content\/uploads\/1800x1600_1-o14z1slp8uyf03kq2qw5bko1w52i4sudnbdwrims30.jpg 800w, https:\/\/grupopaletplastic.es\/wp-content\/uploads\/1800x1600_1-o14z1slp8uyf03kq2qw5bko1w52i4sudnbdwrims30-600x263.jpg 600w, https:\/\/grupopaletplastic.es\/wp-content\/uploads\/1800x1600_1-o14z1slp8uyf03kq2qw5bko1w52i4sudnbdwrims30-300x131.jpg 300w, https:\/\/grupopaletplastic.es\/wp-content\/uploads\/1800x1600_1-o14z1slp8uyf03kq2qw5bko1w52i4sudnbdwrims30-768x336.jpg 768w\" sizes=\"(max-width: 800px) 100vw, 800px\" \/>\t\t\t\t\t\t\t\t\t\t\t\t\t\t\t<\/div>\n\t\t\t\t<\/div>\n\t\t\t\t<div class=\"elementor-element elementor-element-7f4250b elementor-widget elementor-widget-heading\" data-id=\"7f4250b\" data-element_type=\"widget\" data-e-type=\"widget\" data-widget_type=\"heading.default\">\n\t\t\t\t<div class=\"elementor-widget-container\">\n\t\t\t\t\t<p class=\"elementor-heading-title elementor-size-default\">1800 x 1600<\/p>\t\t\t\t<\/div>\n\t\t\t\t<\/div>\n\t\t\t\t\t<\/div>\n\t\t<\/div>\n\t\t\t\t<div class=\"elementor-column elementor-col-20 elementor-inner-column elementor-element elementor-element-f7aa482\" data-id=\"f7aa482\" data-element_type=\"column\" data-e-type=\"column\">\n\t\t\t<div class=\"elementor-widget-wrap elementor-element-populated\">\n\t\t\t\t\t\t<div class=\"elementor-element elementor-element-54e12cb elementor-widget elementor-widget-image\" data-id=\"54e12cb\" data-element_type=\"widget\" data-e-type=\"widget\" data-widget_type=\"image.default\">\n\t\t\t\t<div class=\"elementor-widget-container\">\n\t\t\t\t\t\t\t\t\t\t\t\t\t\t\t<img loading=\"lazy\" decoding=\"async\" width=\"800\" height=\"350\" src=\"https:\/\/grupopaletplastic.es\/wp-content\/uploads\/palet-para-cajn-naranjero-1-o14ysmocm0ersyvylaa3idx9dw8o31gldyehbe7yr0.jpg\" class=\"attachment-large size-large wp-image-5028\" alt=\"\" srcset=\"https:\/\/grupopaletplastic.es\/wp-content\/uploads\/palet-para-cajn-naranjero-1-o14ysmocm0ersyvylaa3idx9dw8o31gldyehbe7yr0.jpg 800w, https:\/\/grupopaletplastic.es\/wp-content\/uploads\/palet-para-cajn-naranjero-1-o14ysmocm0ersyvylaa3idx9dw8o31gldyehbe7yr0-600x263.jpg 600w, https:\/\/grupopaletplastic.es\/wp-content\/uploads\/palet-para-cajn-naranjero-1-o14ysmocm0ersyvylaa3idx9dw8o31gldyehbe7yr0-300x131.jpg 300w, https:\/\/grupopaletplastic.es\/wp-content\/uploads\/palet-para-cajn-naranjero-1-o14ysmocm0ersyvylaa3idx9dw8o31gldyehbe7yr0-768x336.jpg 768w\" sizes=\"(max-width: 800px) 100vw, 800px\" \/>\t\t\t\t\t\t\t\t\t\t\t\t\t\t\t<\/div>\n\t\t\t\t<\/div>\n\t\t\t\t<div class=\"elementor-element elementor-element-cacd15c elementor-widget elementor-widget-heading\" data-id=\"cacd15c\" data-element_type=\"widget\" data-e-type=\"widget\" data-widget_type=\"heading.default\">\n\t\t\t\t<div class=\"elementor-widget-container\">\n\t\t\t\t\t<p class=\"elementor-heading-title elementor-size-default\">Palet para caj\u00f3n naranjero<\/p>\t\t\t\t<\/div>\n\t\t\t\t<\/div>\n\t\t\t\t\t<\/div>\n\t\t<\/div>\n\t\t\t\t\t<\/div>\n\t\t<\/section>\n\t\t\t\t\t<\/div>\n\t\t<\/div>\n\t\t\t\t\t<\/div>\n\t\t<\/section>\n\t\t\t\t<section class=\"elementor-section elementor-top-section elementor-element elementor-element-302ecec elementor-section-boxed elementor-section-height-default elementor-section-height-default\" data-id=\"302ecec\" data-element_type=\"section\" data-e-type=\"section\">\n\t\t\t\t\t\t<div class=\"elementor-container elementor-column-gap-default\">\n\t\t\t\t\t<div class=\"elementor-column elementor-col-100 elementor-top-column elementor-element elementor-element-3756cad\" data-id=\"3756cad\" data-element_type=\"column\" data-e-type=\"column\">\n\t\t\t<div class=\"elementor-widget-wrap elementor-element-populated\">\n\t\t\t\t\t\t<div class=\"elementor-element elementor-element-4c91a72 elementor-widget elementor-widget-spacer\" data-id=\"4c91a72\" data-element_type=\"widget\" data-e-type=\"widget\" data-widget_type=\"spacer.default\">\n\t\t\t\t<div class=\"elementor-widget-container\">\n\t\t\t\t\t\t\t<div class=\"elementor-spacer\">\n\t\t\t<div class=\"elementor-spacer-inner\"><\/div>\n\t\t<\/div>\n\t\t\t\t\t\t<\/div>\n\t\t\t\t<\/div>\n\t\t\t\t\t<\/div>\n\t\t<\/div>\n\t\t\t\t\t<\/div>\n\t\t<\/section>\n\t\t\t\t<\/div>","protected":false},"excerpt":{"rendered":"<p>Palets personalizados 1500 x 1000 1700 x 1350 1800 x 1200 1800 x 1600 Palet para caj\u00f3n naranjero<\/p>","protected":false},"author":1,"featured_media":0,"parent":0,"menu_order":0,"comment_status":"closed","ping_status":"closed","template":"","meta":{"site-sidebar-layout":"no-sidebar","site-content-layout":"page-builder","ast-global-header-display":"","ast-main-header-display":"","ast-hfb-above-header-display":"","ast-hfb-below-header-display":"","ast-hfb-mobile-header-display":"","site-post-title":"disabled","ast-breadcrumbs-content":"","ast-featured-img":"disabled","footer-sml-layout":"","theme-transparent-header-meta":"","adv-header-id-meta":"","stick-header-meta":"","header-above-stick-meta":"","header-main-stick-meta":"","header-below-stick-meta":"","footnotes":""},"class_list":["post-5022","page","type-page","status-publish","hentry"],"yoast_head":"<!-- This site is optimized with the Yoast SEO Premium plugin v19.2.1 (Yoast SEO v27.2) - https:\/\/yoast.com\/product\/yoast-seo-premium-wordpress\/ -->\n<title>Palet personalizados - Grupo Paletplastic<\/title>\n<meta name=\"robots\" content=\"index, follow, max-snippet:-1, max-image-preview:large, max-video-preview:-1\" \/>\n<link rel=\"canonical\" href=\"https:\/\/grupopaletplastic.es\/fr\/palet-personalizados\/\" \/>\n<meta property=\"og:locale\" content=\"fr_FR\" \/>\n<meta property=\"og:type\" content=\"article\" \/>\n<meta property=\"og:title\" content=\"Palet personalizados\" \/>\n<meta property=\"og:description\" content=\"Palets personalizados 1500 x 1000 1700 x 1350 1800 x 1200 1800 x 1600 Palet para caj\u00f3n naranjero\" \/>\n<meta property=\"og:url\" content=\"https:\/\/grupopaletplastic.es\/fr\/palet-personalizados\/\" \/>\n<meta property=\"og:site_name\" content=\"Grupo Paletplastic\" \/>\n<meta property=\"article:modified_time\" content=\"2026-03-03T07:55:42+00:00\" \/>\n<meta property=\"og:image\" content=\"https:\/\/grupopaletplastic.es\/wp-content\/uploads\/1500x10001_1-o14z2agmupmv4ous6gm24y5t6gmh71ta1rs4vrwass.jpg\" \/>\n<meta name=\"twitter:card\" content=\"summary_large_image\" \/>\n<meta name=\"twitter:label1\" content=\"Dur\u00e9e de lecture estim\u00e9e\" \/>\n\t<meta name=\"twitter:data1\" content=\"2 minutes\" \/>\n<script type=\"application\/ld+json\" class=\"yoast-schema-graph\">{\"@context\":\"https:\/\/schema.org\",\"@graph\":[{\"@type\":\"WebPage\",\"@id\":\"https:\/\/grupopaletplastic.es\/palet-personalizados\/\",\"url\":\"https:\/\/grupopaletplastic.es\/palet-personalizados\/\",\"name\":\"Palet personalizados - Grupo Paletplastic\",\"isPartOf\":{\"@id\":\"https:\/\/grupopaletplastic.es\/#website\"},\"primaryImageOfPage\":{\"@id\":\"https:\/\/grupopaletplastic.es\/palet-personalizados\/#primaryimage\"},\"image\":{\"@id\":\"https:\/\/grupopaletplastic.es\/palet-personalizados\/#primaryimage\"},\"thumbnailUrl\":\"https:\/\/grupopaletplastic.es\/wp-content\/uploads\/1500x10001_1-o14z2agmupmv4ous6gm24y5t6gmh71ta1rs4vrwass.jpg\",\"datePublished\":\"2022-09-04T22:27:47+00:00\",\"dateModified\":\"2026-03-03T07:55:42+00:00\",\"breadcrumb\":{\"@id\":\"https:\/\/grupopaletplastic.es\/palet-personalizados\/#breadcrumb\"},\"inLanguage\":\"fr-FR\",\"potentialAction\":[{\"@type\":\"ReadAction\",\"target\":[\"https:\/\/grupopaletplastic.es\/palet-personalizados\/\"]}]},{\"@type\":\"ImageObject\",\"inLanguage\":\"fr-FR\",\"@id\":\"https:\/\/grupopaletplastic.es\/palet-personalizados\/#primaryimage\",\"url\":\"https:\/\/grupopaletplastic.es\/wp-content\/uploads\/1500x10001_1-o14z2agmupmv4ous6gm24y5t6gmh71ta1rs4vrwass.jpg\",\"contentUrl\":\"https:\/\/grupopaletplastic.es\/wp-content\/uploads\/1500x10001_1-o14z2agmupmv4ous6gm24y5t6gmh71ta1rs4vrwass.jpg\"},{\"@type\":\"BreadcrumbList\",\"@id\":\"https:\/\/grupopaletplastic.es\/palet-personalizados\/#breadcrumb\",\"itemListElement\":[{\"@type\":\"ListItem\",\"position\":1,\"name\":\"Home\",\"item\":\"https:\/\/grupopaletplastic.es\/\"},{\"@type\":\"ListItem\",\"position\":2,\"name\":\"Palet personalizados\"}]},{\"@type\":\"WebSite\",\"@id\":\"https:\/\/grupopaletplastic.es\/#website\",\"url\":\"https:\/\/grupopaletplastic.es\/\",\"name\":\"Grupo Paletplastic\",\"description\":\"En Grupo PaletPlastic somos fabricantes de cajas de pl\u00e1stico y palets de pl\u00e1stico. Hacemos cualquier sistema de almacenaje pl\u00e1stico.\",\"publisher\":{\"@id\":\"https:\/\/grupopaletplastic.es\/#organization\"},\"potentialAction\":[{\"@type\":\"SearchAction\",\"target\":{\"@type\":\"EntryPoint\",\"urlTemplate\":\"https:\/\/grupopaletplastic.es\/?s={search_term_string}\"},\"query-input\":{\"@type\":\"PropertyValueSpecification\",\"valueRequired\":true,\"valueName\":\"search_term_string\"}}],\"inLanguage\":\"fr-FR\"},{\"@type\":\"Organization\",\"@id\":\"https:\/\/grupopaletplastic.es\/#organization\",\"name\":\"Grupo Paletplastic\",\"url\":\"https:\/\/grupopaletplastic.es\/\",\"logo\":{\"@type\":\"ImageObject\",\"inLanguage\":\"fr-FR\",\"@id\":\"https:\/\/grupopaletplastic.es\/#\/schema\/logo\/image\/\",\"url\":\"https:\/\/grupopaletplastic.es\/wp-content\/uploads\/cropped-logonuevo-1.png\",\"contentUrl\":\"https:\/\/grupopaletplastic.es\/wp-content\/uploads\/cropped-logonuevo-1.png\",\"width\":400,\"height\":157,\"caption\":\"Grupo Paletplastic\"},\"image\":{\"@id\":\"https:\/\/grupopaletplastic.es\/#\/schema\/logo\/image\/\"}}]}<\/script>\n<!-- \/ Yoast SEO Premium plugin. -->","yoast_head_json":{"title":"Palet personalizados - Grupo Paletplastic","robots":{"index":"index","follow":"follow","max-snippet":"max-snippet:-1","max-image-preview":"max-image-preview:large","max-video-preview":"max-video-preview:-1"},"canonical":"https:\/\/grupopaletplastic.es\/fr\/palet-personalizados\/","og_locale":"fr_FR","og_type":"article","og_title":"Palet personalizados","og_description":"Palets personalizados 1500 x 1000 1700 x 1350 1800 x 1200 1800 x 1600 Palet para caj\u00f3n naranjero","og_url":"https:\/\/grupopaletplastic.es\/fr\/palet-personalizados\/","og_site_name":"Grupo Paletplastic","article_modified_time":"2026-03-03T07:55:42+00:00","og_image":[{"url":"https:\/\/grupopaletplastic.es\/wp-content\/uploads\/1500x10001_1-o14z2agmupmv4ous6gm24y5t6gmh71ta1rs4vrwass.jpg","type":"","width":"","height":""}],"twitter_card":"summary_large_image","twitter_misc":{"Dur\u00e9e de lecture estim\u00e9e":"2 minutes"},"schema":{"@context":"https:\/\/schema.org","@graph":[{"@type":"WebPage","@id":"https:\/\/grupopaletplastic.es\/palet-personalizados\/","url":"https:\/\/grupopaletplastic.es\/palet-personalizados\/","name":"Palet personalizados - Grupo Paletplastic","isPartOf":{"@id":"https:\/\/grupopaletplastic.es\/#website"},"primaryImageOfPage":{"@id":"https:\/\/grupopaletplastic.es\/palet-personalizados\/#primaryimage"},"image":{"@id":"https:\/\/grupopaletplastic.es\/palet-personalizados\/#primaryimage"},"thumbnailUrl":"https:\/\/grupopaletplastic.es\/wp-content\/uploads\/1500x10001_1-o14z2agmupmv4ous6gm24y5t6gmh71ta1rs4vrwass.jpg","datePublished":"2022-09-04T22:27:47+00:00","dateModified":"2026-03-03T07:55:42+00:00","breadcrumb":{"@id":"https:\/\/grupopaletplastic.es\/palet-personalizados\/#breadcrumb"},"inLanguage":"fr-FR","potentialAction":[{"@type":"ReadAction","target":["https:\/\/grupopaletplastic.es\/palet-personalizados\/"]}]},{"@type":"ImageObject","inLanguage":"fr-FR","@id":"https:\/\/grupopaletplastic.es\/palet-personalizados\/#primaryimage","url":"https:\/\/grupopaletplastic.es\/wp-content\/uploads\/1500x10001_1-o14z2agmupmv4ous6gm24y5t6gmh71ta1rs4vrwass.jpg","contentUrl":"https:\/\/grupopaletplastic.es\/wp-content\/uploads\/1500x10001_1-o14z2agmupmv4ous6gm24y5t6gmh71ta1rs4vrwass.jpg"},{"@type":"BreadcrumbList","@id":"https:\/\/grupopaletplastic.es\/palet-personalizados\/#breadcrumb","itemListElement":[{"@type":"ListItem","position":1,"name":"Home","item":"https:\/\/grupopaletplastic.es\/"},{"@type":"ListItem","position":2,"name":"Palet personalizados"}]},{"@type":"WebSite","@id":"https:\/\/grupopaletplastic.es\/#website","url":"https:\/\/grupopaletplastic.es\/","name":"Grupo Paletplastic","description":"En Grupo PaletPlastic somos fabricantes de cajas de pl\u00e1stico y palets de pl\u00e1stico. Hacemos cualquier sistema de almacenaje pl\u00e1stico.","publisher":{"@id":"https:\/\/grupopaletplastic.es\/#organization"},"potentialAction":[{"@type":"SearchAction","target":{"@type":"EntryPoint","urlTemplate":"https:\/\/grupopaletplastic.es\/?s={search_term_string}"},"query-input":{"@type":"PropertyValueSpecification","valueRequired":true,"valueName":"search_term_string"}}],"inLanguage":"fr-FR"},{"@type":"Organization","@id":"https:\/\/grupopaletplastic.es\/#organization","name":"Grupo Paletplastic","url":"https:\/\/grupopaletplastic.es\/","logo":{"@type":"ImageObject","inLanguage":"fr-FR","@id":"https:\/\/grupopaletplastic.es\/#\/schema\/logo\/image\/","url":"https:\/\/grupopaletplastic.es\/wp-content\/uploads\/cropped-logonuevo-1.png","contentUrl":"https:\/\/grupopaletplastic.es\/wp-content\/uploads\/cropped-logonuevo-1.png","width":400,"height":157,"caption":"Grupo Paletplastic"},"image":{"@id":"https:\/\/grupopaletplastic.es\/#\/schema\/logo\/image\/"}}]}},"_links":{"self":[{"href":"https:\/\/grupopaletplastic.es\/fr\/wp-json\/wp\/v2\/pages\/5022","targetHints":{"allow":["GET"]}}],"collection":[{"href":"https:\/\/grupopaletplastic.es\/fr\/wp-json\/wp\/v2\/pages"}],"about":[{"href":"https:\/\/grupopaletplastic.es\/fr\/wp-json\/wp\/v2\/types\/page"}],"author":[{"embeddable":true,"href":"https:\/\/grupopaletplastic.es\/fr\/wp-json\/wp\/v2\/users\/1"}],"replies":[{"embeddable":true,"href":"https:\/\/grupopaletplastic.es\/fr\/wp-json\/wp\/v2\/comments?post=5022"}],"version-history":[{"count":7,"href":"https:\/\/grupopaletplastic.es\/fr\/wp-json\/wp\/v2\/pages\/5022\/revisions"}],"predecessor-version":[{"id":5304,"href":"https:\/\/grupopaletplastic.es\/fr\/wp-json\/wp\/v2\/pages\/5022\/revisions\/5304"}],"wp:attachment":[{"href":"https:\/\/grupopaletplastic.es\/fr\/wp-json\/wp\/v2\/media?parent=5022"}],"curies":[{"name":"wp","href":"https:\/\/api.w.org\/{rel}","templated":true}]}}