
 

{"id":1148,"date":"2021-11-24T12:21:21","date_gmt":"2021-11-24T12:21:21","guid":{"rendered":"https:\/\/grupopaletplastic.es\/?post_type=product&#038;p=1148"},"modified":"2023-05-30T09:15:45","modified_gmt":"2023-05-30T09:15:45","slug":"big-box-1200x1000x591mm","status":"publish","type":"product","link":"https:\/\/grupopaletplastic.es\/fr\/produit\/big-box-1200x1000x591mm\/","title":{"rendered":"BIG BOX 1200X1000X580MM"},"content":{"rendered":"<table style=\"height: 162px;\" width=\"516\">\n<tbody>\n<tr style=\"background-color: #f2f2f2;\">\n<td><strong style=\"font-size: 17px;\">Caract\u00e9ristiques techniques<\/strong><\/td>\n<td><\/td>\n<\/tr>\n<tr>\n<td><\/td>\n<td><\/td>\n<\/tr>\n<tr>\n<td><\/td>\n<td><\/td>\n<\/tr>\n<tr>\n<td><strong>Nesures externes<\/strong><\/td>\n<td>1200 x 1000 x 580 mm<\/td>\n<\/tr>\n<tr>\n<td><b>Mesures internes<\/b><\/td>\n<td>1100 x 910 x 425 mm<\/td>\n<\/tr>\n<tr>\n<td><b>Lester\u00a0<\/b><\/td>\n<td>29,35 kg<\/td>\n<\/tr>\n<tr>\n<td><b>Volume<\/b><\/td>\n<td>400 l<\/td>\n<\/tr>\n<tr>\n<td><strong>Base<\/strong><\/td>\n<td>grill\u00e9<\/td>\n<\/tr>\n<tr>\n<td>\u00a0<strong>Des murs<\/strong><\/td>\n<td>grill\u00e9<\/td>\n<\/tr>\n<tr>\n<td><strong>Support au sol<\/strong><\/td>\n<td>\u00a02 patins<\/td>\n<\/tr>\n<\/tbody>\n<\/table>\n<table style=\"height: 123px;\" width=\"519\">\n<tbody>\n<tr style=\"background-color: #f2f2f2;\">\n<td><span style=\"color: #f2f2f2;\">\u00a0.<\/span><\/td>\n<td><span style=\"color: #f2f2f2;\">\u00a0.<\/span><\/td>\n<\/tr>\n<tr>\n<td><\/td>\n<td><\/td>\n<\/tr>\n<tr>\n<td><\/td>\n<td><\/td>\n<\/tr>\n<tr>\n<td><b>Unit\u00e9 de charge<\/b><\/td>\n<td>310 kg<\/td>\n<\/tr>\n<tr>\n<td>\u00a0<strong>Charge statique maximale<\/strong><\/td>\n<td>3410 kg<\/td>\n<\/tr>\n<tr>\n<td><strong>Charge dynamique maximale<\/strong><\/td>\n<td>1240 kg<\/td>\n<\/tr>\n<tr>\n<td><strong>Choix<\/strong><\/td>\n<td>pieds\/roues<\/td>\n<\/tr>\n<tr>\n<td>\u00a0<b>Accessoires<\/b><\/td>\n<td>\u00a0Haut<\/td>\n<\/tr>\n<tr>\n<td><strong>\u00a0Couleur<\/strong><\/td>\n<td>gris\/personalizable<\/td>\n<\/tr>\n<\/tbody>\n<\/table>\n<table style=\"height: 120px;\" width=\"517\">\n<tbody>\n<tr style=\"background-color: #f2f2f2;\">\n<td><strong style=\"font-size: 17px;\">Information produit<\/strong><\/td>\n<td><\/td>\n<\/tr>\n<tr>\n<td><a href=\"https:\/\/grupopaletplastic.es\/wp-content\/uploads\/4601.500.pdf\" target=\"_blank\" rel=\"noopener noreferrer\">T\u00e9l\u00e9charger la fiche technique<\/a><\/td>\n<td><\/td>\n<\/tr>\n<tr>\n<td><\/td>\n<td><\/td>\n<\/tr>\n<tr>\n<td><\/td>\n<td><\/td>\n<\/tr>\n<\/tbody>\n<\/table>\n<p>&nbsp;<\/p>","protected":false},"excerpt":{"rendered":"<p>REFERENCIA: CTS E 2T<br \/>\nMEDIDAS: 1200 x 1000 x 580 mm<br \/>\nVERSI\u00d3N: REJILLADA<br \/>\nBASE EN EL SUELO: 2 PATINES<\/p>\n<hr \/>\n<ul>\n<li>Dimensions ISO et EURO, disponibles avec pieds, patins ou roulettes, empilables et faciles \u00e0 nettoyer.<\/li>\n<\/ul>\n<hr \/>\n<div style=\"color: #000000; width: 87%; margin: 0px; float: left;\"><b>Prix \u200b\u200bunitaire (1-103u):<\/b><\/div>\n<p><span id=\"miclase\" style=\"color: #07a259; text-align: right; float: left; font-weight: bold;\">75,70\u20ac<\/span><\/p>\n<div style=\"color: #000000; width: 87%; margin: 0px; float: left;\"><b>Prix \u200b\u200bpar camion (104u):<\/b><\/div>\n<p><span id=\"miclase\" style=\"color: #07a259; text-align: right; float: left; font-weight: bold;\">68,70\u20ac<\/span><\/p>\n<div style=\"color: #000000; width: 87%; margin: 0px; float: left;\"><b>Approximate shipping time:\u00a0<\/b><\/div>\n<p><span id=\"miclase\" style=\"color: #07a259; text-align: right; float: left; font-weight: bold;\">72\/84H<\/span><\/p>\n<p><!--<a href=\"https:\/\/grupopaletplastic.es\/wp-content\/uploads\/nest-s5-od-9f.pdf\" target=\"_blank\" rel=\"noopener noreferrer\">Descargar Ficha T\u00e9cnica<\/a>--><\/p>","protected":false},"featured_media":6385,"comment_status":"closed","ping_status":"closed","template":"","meta":{"site-sidebar-layout":"default","site-content-layout":"default","ast-global-header-display":"","ast-main-header-display":"","ast-hfb-above-header-display":"","ast-hfb-below-header-display":"","ast-hfb-mobile-header-display":"","site-post-title":"","ast-breadcrumbs-content":"","ast-featured-img":"","footer-sml-layout":"","theme-transparent-header-meta":"default","adv-header-id-meta":"","stick-header-meta":"","header-above-stick-meta":"","header-main-stick-meta":"","header-below-stick-meta":""},"product_brand":[],"product_cat":[21,24],"product_tag":[],"class_list":{"0":"post-1148","1":"product","2":"type-product","3":"status-publish","4":"has-post-thumbnail","6":"product_cat-big-box","7":"product_cat-rejillados-1200x1000","8":"product_shipping_class-big-box","9":"desktop-align-left","10":"tablet-align-left","11":"mobile-align-left","13":"first","14":"instock","15":"shipping-taxable","16":"purchasable","17":"product-type-simple"},"yoast_head":"<!-- This site is optimized with the Yoast SEO Premium plugin v19.2.1 (Yoast SEO v27.2) - https:\/\/yoast.com\/product\/yoast-seo-premium-wordpress\/ -->\n<title>BIG BOX 1200X1000X580MM - Grupo Paletplastic<\/title>\n<meta name=\"robots\" content=\"index, follow, max-snippet:-1, max-image-preview:large, max-video-preview:-1\" \/>\n<link rel=\"canonical\" href=\"https:\/\/grupopaletplastic.es\/fr\/produit\/big-box-1200x1000x591mm\/\" \/>\n<meta property=\"og:locale\" content=\"fr_FR\" \/>\n<meta property=\"og:type\" content=\"article\" \/>\n<meta property=\"og:title\" content=\"BIG BOX 1200X1000X580MM\" \/>\n<meta property=\"og:description\" content=\"REFERENCIA: CTS E 2T MEDIDAS: 1200 x 1000 x 580 mm VERSI\u00d3N: REJILLADA BASE EN EL SUELO: 2 PATINES      Tama\u00f1o ISO y EURO, disponible con pies, patines o ruedas, apilable y f\u00e1cil de limpiar.     Precio por unidad (1-103u): 75,70\u20ac Precio por cami\u00f3n (104u): 68,70\u20ac Env\u00edo tiempo aproximado:\u00a0 72\/84H\" \/>\n<meta property=\"og:url\" content=\"https:\/\/grupopaletplastic.es\/fr\/produit\/big-box-1200x1000x591mm\/\" \/>\n<meta property=\"og:site_name\" content=\"Grupo Paletplastic\" \/>\n<meta property=\"article:modified_time\" content=\"2023-05-30T09:15:45+00:00\" \/>\n<meta property=\"og:image\" content=\"https:\/\/grupopaletplastic.es\/wp-content\/uploads\/Captura-de-pantalla-2023-05-30-111432.png\" \/>\n\t<meta property=\"og:image:width\" content=\"931\" \/>\n\t<meta property=\"og:image:height\" content=\"664\" \/>\n\t<meta property=\"og:image:type\" content=\"image\/png\" \/>\n<meta name=\"twitter:card\" content=\"summary_large_image\" \/>\n<meta name=\"twitter:label1\" content=\"Dur\u00e9e de lecture estim\u00e9e\" \/>\n\t<meta name=\"twitter:data1\" content=\"1 minute\" \/>\n<script type=\"application\/ld+json\" class=\"yoast-schema-graph\">{\"@context\":\"https:\/\/schema.org\",\"@graph\":[{\"@type\":\"WebPage\",\"@id\":\"https:\/\/grupopaletplastic.es\/producto\/big-box-1200x1000x591mm\/\",\"url\":\"https:\/\/grupopaletplastic.es\/producto\/big-box-1200x1000x591mm\/\",\"name\":\"BIG BOX 1200X1000X580MM - Grupo Paletplastic\",\"isPartOf\":{\"@id\":\"https:\/\/grupopaletplastic.es\/#website\"},\"primaryImageOfPage\":{\"@id\":\"https:\/\/grupopaletplastic.es\/producto\/big-box-1200x1000x591mm\/#primaryimage\"},\"image\":{\"@id\":\"https:\/\/grupopaletplastic.es\/producto\/big-box-1200x1000x591mm\/#primaryimage\"},\"thumbnailUrl\":\"https:\/\/grupopaletplastic.es\/wp-content\/uploads\/Captura-de-pantalla-2023-05-30-111432.png\",\"datePublished\":\"2021-11-24T12:21:21+00:00\",\"dateModified\":\"2023-05-30T09:15:45+00:00\",\"breadcrumb\":{\"@id\":\"https:\/\/grupopaletplastic.es\/producto\/big-box-1200x1000x591mm\/#breadcrumb\"},\"inLanguage\":\"fr-FR\",\"potentialAction\":[{\"@type\":\"ReadAction\",\"target\":[\"https:\/\/grupopaletplastic.es\/producto\/big-box-1200x1000x591mm\/\"]}]},{\"@type\":\"ImageObject\",\"inLanguage\":\"fr-FR\",\"@id\":\"https:\/\/grupopaletplastic.es\/producto\/big-box-1200x1000x591mm\/#primaryimage\",\"url\":\"https:\/\/grupopaletplastic.es\/wp-content\/uploads\/Captura-de-pantalla-2023-05-30-111432.png\",\"contentUrl\":\"https:\/\/grupopaletplastic.es\/wp-content\/uploads\/Captura-de-pantalla-2023-05-30-111432.png\",\"width\":931,\"height\":664},{\"@type\":\"BreadcrumbList\",\"@id\":\"https:\/\/grupopaletplastic.es\/producto\/big-box-1200x1000x591mm\/#breadcrumb\",\"itemListElement\":[{\"@type\":\"ListItem\",\"position\":1,\"name\":\"Home\",\"item\":\"https:\/\/grupopaletplastic.es\/\"},{\"@type\":\"ListItem\",\"position\":2,\"name\":\"Productos\",\"item\":\"https:\/\/grupopaletplastic.es\/productos\/\"},{\"@type\":\"ListItem\",\"position\":3,\"name\":\"BIG BOX 1200X1000X580MM\"}]},{\"@type\":\"WebSite\",\"@id\":\"https:\/\/grupopaletplastic.es\/#website\",\"url\":\"https:\/\/grupopaletplastic.es\/\",\"name\":\"Grupo Paletplastic\",\"description\":\"En Grupo PaletPlastic somos fabricantes de cajas de pl\u00e1stico y palets de pl\u00e1stico. Hacemos cualquier sistema de almacenaje pl\u00e1stico.\",\"publisher\":{\"@id\":\"https:\/\/grupopaletplastic.es\/#organization\"},\"potentialAction\":[{\"@type\":\"SearchAction\",\"target\":{\"@type\":\"EntryPoint\",\"urlTemplate\":\"https:\/\/grupopaletplastic.es\/?s={search_term_string}\"},\"query-input\":{\"@type\":\"PropertyValueSpecification\",\"valueRequired\":true,\"valueName\":\"search_term_string\"}}],\"inLanguage\":\"fr-FR\"},{\"@type\":\"Organization\",\"@id\":\"https:\/\/grupopaletplastic.es\/#organization\",\"name\":\"Grupo Paletplastic\",\"url\":\"https:\/\/grupopaletplastic.es\/\",\"logo\":{\"@type\":\"ImageObject\",\"inLanguage\":\"fr-FR\",\"@id\":\"https:\/\/grupopaletplastic.es\/#\/schema\/logo\/image\/\",\"url\":\"https:\/\/grupopaletplastic.es\/wp-content\/uploads\/cropped-logonuevo-1.png\",\"contentUrl\":\"https:\/\/grupopaletplastic.es\/wp-content\/uploads\/cropped-logonuevo-1.png\",\"width\":400,\"height\":157,\"caption\":\"Grupo Paletplastic\"},\"image\":{\"@id\":\"https:\/\/grupopaletplastic.es\/#\/schema\/logo\/image\/\"}}]}<\/script>\n<!-- \/ Yoast SEO Premium plugin. -->","yoast_head_json":{"title":"BIG BOX 1200X1000X580MM - Grupo Paletplastic","robots":{"index":"index","follow":"follow","max-snippet":"max-snippet:-1","max-image-preview":"max-image-preview:large","max-video-preview":"max-video-preview:-1"},"canonical":"https:\/\/grupopaletplastic.es\/fr\/produit\/big-box-1200x1000x591mm\/","og_locale":"fr_FR","og_type":"article","og_title":"BIG BOX 1200X1000X580MM","og_description":"REFERENCIA: CTS E 2T MEDIDAS: 1200 x 1000 x 580 mm VERSI\u00d3N: REJILLADA BASE EN EL SUELO: 2 PATINES      Tama\u00f1o ISO y EURO, disponible con pies, patines o ruedas, apilable y f\u00e1cil de limpiar.     Precio por unidad (1-103u): 75,70\u20ac Precio por cami\u00f3n (104u): 68,70\u20ac Env\u00edo tiempo aproximado:\u00a0 72\/84H","og_url":"https:\/\/grupopaletplastic.es\/fr\/produit\/big-box-1200x1000x591mm\/","og_site_name":"Grupo Paletplastic","article_modified_time":"2023-05-30T09:15:45+00:00","og_image":[{"width":931,"height":664,"url":"https:\/\/grupopaletplastic.es\/wp-content\/uploads\/Captura-de-pantalla-2023-05-30-111432.png","type":"image\/png"}],"twitter_card":"summary_large_image","twitter_misc":{"Dur\u00e9e de lecture estim\u00e9e":"1 minute"},"schema":{"@context":"https:\/\/schema.org","@graph":[{"@type":"WebPage","@id":"https:\/\/grupopaletplastic.es\/producto\/big-box-1200x1000x591mm\/","url":"https:\/\/grupopaletplastic.es\/producto\/big-box-1200x1000x591mm\/","name":"BIG BOX 1200X1000X580MM - Grupo Paletplastic","isPartOf":{"@id":"https:\/\/grupopaletplastic.es\/#website"},"primaryImageOfPage":{"@id":"https:\/\/grupopaletplastic.es\/producto\/big-box-1200x1000x591mm\/#primaryimage"},"image":{"@id":"https:\/\/grupopaletplastic.es\/producto\/big-box-1200x1000x591mm\/#primaryimage"},"thumbnailUrl":"https:\/\/grupopaletplastic.es\/wp-content\/uploads\/Captura-de-pantalla-2023-05-30-111432.png","datePublished":"2021-11-24T12:21:21+00:00","dateModified":"2023-05-30T09:15:45+00:00","breadcrumb":{"@id":"https:\/\/grupopaletplastic.es\/producto\/big-box-1200x1000x591mm\/#breadcrumb"},"inLanguage":"fr-FR","potentialAction":[{"@type":"ReadAction","target":["https:\/\/grupopaletplastic.es\/producto\/big-box-1200x1000x591mm\/"]}]},{"@type":"ImageObject","inLanguage":"fr-FR","@id":"https:\/\/grupopaletplastic.es\/producto\/big-box-1200x1000x591mm\/#primaryimage","url":"https:\/\/grupopaletplastic.es\/wp-content\/uploads\/Captura-de-pantalla-2023-05-30-111432.png","contentUrl":"https:\/\/grupopaletplastic.es\/wp-content\/uploads\/Captura-de-pantalla-2023-05-30-111432.png","width":931,"height":664},{"@type":"BreadcrumbList","@id":"https:\/\/grupopaletplastic.es\/producto\/big-box-1200x1000x591mm\/#breadcrumb","itemListElement":[{"@type":"ListItem","position":1,"name":"Home","item":"https:\/\/grupopaletplastic.es\/"},{"@type":"ListItem","position":2,"name":"Productos","item":"https:\/\/grupopaletplastic.es\/productos\/"},{"@type":"ListItem","position":3,"name":"BIG BOX 1200X1000X580MM"}]},{"@type":"WebSite","@id":"https:\/\/grupopaletplastic.es\/#website","url":"https:\/\/grupopaletplastic.es\/","name":"Grupo Paletplastic","description":"En Grupo PaletPlastic somos fabricantes de cajas de pl\u00e1stico y palets de pl\u00e1stico. Hacemos cualquier sistema de almacenaje pl\u00e1stico.","publisher":{"@id":"https:\/\/grupopaletplastic.es\/#organization"},"potentialAction":[{"@type":"SearchAction","target":{"@type":"EntryPoint","urlTemplate":"https:\/\/grupopaletplastic.es\/?s={search_term_string}"},"query-input":{"@type":"PropertyValueSpecification","valueRequired":true,"valueName":"search_term_string"}}],"inLanguage":"fr-FR"},{"@type":"Organization","@id":"https:\/\/grupopaletplastic.es\/#organization","name":"Grupo Paletplastic","url":"https:\/\/grupopaletplastic.es\/","logo":{"@type":"ImageObject","inLanguage":"fr-FR","@id":"https:\/\/grupopaletplastic.es\/#\/schema\/logo\/image\/","url":"https:\/\/grupopaletplastic.es\/wp-content\/uploads\/cropped-logonuevo-1.png","contentUrl":"https:\/\/grupopaletplastic.es\/wp-content\/uploads\/cropped-logonuevo-1.png","width":400,"height":157,"caption":"Grupo Paletplastic"},"image":{"@id":"https:\/\/grupopaletplastic.es\/#\/schema\/logo\/image\/"}}]}},"_links":{"self":[{"href":"https:\/\/grupopaletplastic.es\/fr\/wp-json\/wp\/v2\/product\/1148","targetHints":{"allow":["GET"]}}],"collection":[{"href":"https:\/\/grupopaletplastic.es\/fr\/wp-json\/wp\/v2\/product"}],"about":[{"href":"https:\/\/grupopaletplastic.es\/fr\/wp-json\/wp\/v2\/types\/product"}],"replies":[{"embeddable":true,"href":"https:\/\/grupopaletplastic.es\/fr\/wp-json\/wp\/v2\/comments?post=1148"}],"wp:featuredmedia":[{"embeddable":true,"href":"https:\/\/grupopaletplastic.es\/fr\/wp-json\/wp\/v2\/media\/6385"}],"wp:attachment":[{"href":"https:\/\/grupopaletplastic.es\/fr\/wp-json\/wp\/v2\/media?parent=1148"}],"wp:term":[{"taxonomy":"product_brand","embeddable":true,"href":"https:\/\/grupopaletplastic.es\/fr\/wp-json\/wp\/v2\/product_brand?post=1148"},{"taxonomy":"product_cat","embeddable":true,"href":"https:\/\/grupopaletplastic.es\/fr\/wp-json\/wp\/v2\/product_cat?post=1148"},{"taxonomy":"product_tag","embeddable":true,"href":"https:\/\/grupopaletplastic.es\/fr\/wp-json\/wp\/v2\/product_tag?post=1148"}],"curies":[{"name":"wp","href":"https:\/\/api.w.org\/{rel}","templated":true}]}}