
 

{"id":1158,"date":"2017-07-22T13:54:06","date_gmt":"2017-07-22T13:54:06","guid":{"rendered":"https:\/\/grupopaletplastic.es\/?post_type=product&#038;p=1158"},"modified":"2023-03-15T11:18:29","modified_gmt":"2023-03-15T11:18:29","slug":"magnum-pro-60106-02-600x400x340mm","status":"publish","type":"product","link":"https:\/\/grupopaletplastic.es\/fr\/produit\/magnum-pro-60106-02-600x400x340mm\/","title":{"rendered":"MAGNUM PRO 60(106-02) 600X400X340MM"},"content":{"rendered":"<table style=\"height: 162px;\" width=\"516\">\n<tbody>\n<tr style=\"background-color: #f2f2f2;\">\n<td><strong style=\"font-size: 17px;\">Caract\u00e9ristiques techniques<\/strong><\/td>\n<td><\/td>\n<\/tr>\n<tr>\n<td><\/td>\n<td><\/td>\n<\/tr>\n<tr>\n<td><\/td>\n<td><\/td>\n<\/tr>\n<tr>\n<td><strong>Nesures externes<\/strong><\/td>\n<td>600 x 400 x 340 mm<\/td>\n<\/tr>\n<tr>\n<td><b>Mesures internes<\/b><\/td>\n<td>503 x 330 x 320 mm<\/td>\n<\/tr>\n<tr>\n<td><b>Lester<\/b><\/td>\n<td>3 kg<\/td>\n<\/tr>\n<tr>\n<td><b>Volume<\/b><\/td>\n<td>60 l<\/td>\n<\/tr>\n<\/tbody>\n<\/table>\n<table style=\"height: 123px;\" width=\"519\">\n<tbody>\n<tr style=\"background-color: #f2f2f2;\">\n<td><span style=\"color: #f2f2f2;\">\u00a0.<\/span><\/td>\n<td><span style=\"color: #f2f2f2;\">\u00a0.<\/span><\/td>\n<\/tr>\n<tr>\n<td><\/td>\n<td><\/td>\n<\/tr>\n<tr>\n<td><\/td>\n<td><\/td>\n<\/tr>\n<tr>\n<td><b>Base<\/b><\/td>\n<td>ferm\u00e9e<\/td>\n<\/tr>\n<tr>\n<td><strong>Des murs<\/strong><\/td>\n<td>cerradas<\/td>\n<\/tr>\n<tr>\n<td><b>Capacidad carga m\u00e1xima<\/b><\/td>\n<td>20 kg<\/td>\n<\/tr>\n<tr>\n<td><strong>Couleur<\/strong><\/td>\n<td>rojo-gris<\/td>\n<\/tr>\n<\/tbody>\n<\/table>\n<table style=\"height: 120px;\" width=\"517\">\n<tbody>\n<tr style=\"background-color: #f2f2f2;\">\n<td><strong style=\"font-size: 17px;\">Information produit<\/strong><\/td>\n<td><\/td>\n<\/tr>\n<tr>\n<td><a href=\"https:\/\/grupopaletplastic.es\/wp-content\/uploads\/106-02_-magnum-container-60.pdf\" target=\"_blank\" rel=\"noopener noreferrer\">T\u00e9l\u00e9charger la fiche technique<\/a><\/td>\n<td><\/td>\n<\/tr>\n<tr>\n<td><\/td>\n<td><\/td>\n<\/tr>\n<tr>\n<td><\/td>\n<td><\/td>\n<\/tr>\n<\/tbody>\n<\/table>\n<p>&nbsp;<\/p>","protected":false},"excerpt":{"rendered":"<p>REFERENCIA: 106-02 MAGNUM CONTAINER 60<br \/>\nMEDIDAS: 600 x 400 x 340 mm<br \/>\nVERSI\u00d3N:<br \/>\nBASE EN EL SUELO: CERRADA<\/p>\n<hr>\n<ul>\n<li>Uso alimentario, apilable-encajable y f\u00e1cil de limpiar.<\/li>\n<\/ul>\n<hr \/>\n<div style=\"color: #000000; width: 87%; margin: 0px; float: left;\"><b>Precio por unidad (1-100u) :<\/b><\/div>\n<p><span id=\"miclase\" style=\"color: #07a259; text-align: right; float: left; font-weight: bold;\">17,10\u20ac<\/span><\/p>\n<div style=\"color: #000000; width: 87%; margin: 0px; float: left;\"><b>Precio por palet (101u) :<\/b><\/div>\n<p><span id=\"miclase\" style=\"color: #07a259; text-align: right; float: left; font-weight: bold;\">12,40\u20ac<\/span><\/p>\n<div style=\"color: #000000; width: 87%; margin: 0px; float: left;\"><b>Approximate shipping time: <\/b><\/div>\n<p><span id=\"miclase\" style=\"color: #07a259; text-align: right; float: left; font-weight: bold;\">72\/84H<\/span><\/p>\n<p><!--<a href=\"https:\/\/grupopaletplastic.es\/wp-content\/uploads\/nest-s5-od-9f.pdf\" target=\"_blank\" rel=\"noopener noreferrer\">Descargar Ficha T\u00e9cnica<\/a>--><\/p>","protected":false},"featured_media":4471,"comment_status":"closed","ping_status":"closed","template":"","meta":{"site-sidebar-layout":"default","site-content-layout":"default","ast-global-header-display":"","ast-main-header-display":"","ast-hfb-above-header-display":"","ast-hfb-below-header-display":"","ast-hfb-mobile-header-display":"","site-post-title":"","ast-breadcrumbs-content":"","ast-featured-img":"","footer-sml-layout":"","theme-transparent-header-meta":"default","adv-header-id-meta":"","stick-header-meta":"","header-above-stick-meta":"","header-main-stick-meta":"","header-below-stick-meta":""},"product_brand":[],"product_cat":[40,52],"product_tag":[],"class_list":{"0":"post-1158","1":"product","2":"type-product","3":"status-publish","4":"has-post-thumbnail","6":"product_cat-cajas","7":"product_cat-cajas-con-tapa-integrada-600x400","8":"desktop-align-left","9":"tablet-align-left","10":"mobile-align-left","12":"first","13":"instock","14":"shipping-taxable","15":"purchasable","16":"product-type-simple"},"yoast_head":"<!-- This site is optimized with the Yoast SEO Premium plugin v19.2.1 (Yoast SEO v27.2) - https:\/\/yoast.com\/product\/yoast-seo-premium-wordpress\/ -->\n<title>MAGNUM PRO 60(106-02) 600X400X340MM - Grupo Paletplastic<\/title>\n<meta name=\"robots\" content=\"index, follow, max-snippet:-1, max-image-preview:large, max-video-preview:-1\" \/>\n<link rel=\"canonical\" href=\"https:\/\/grupopaletplastic.es\/fr\/produit\/magnum-pro-60106-02-600x400x340mm\/\" \/>\n<meta property=\"og:locale\" content=\"fr_FR\" \/>\n<meta property=\"og:type\" content=\"article\" \/>\n<meta property=\"og:title\" content=\"MAGNUM PRO 60(106-02) 600X400X340MM\" \/>\n<meta property=\"og:description\" content=\"REFERENCIA: 106-02 MAGNUM CONTAINER 60 MEDIDAS: 600 x 400 x 340 mm VERSI\u00d3N:  BASE EN EL SUELO: CERRADA    Uso alimentario, apilable-encajable y f\u00e1cil de limpiar.     Precio por unidad (1-100u) : 17,10\u20ac Precio por palet (101u) : 12,40\u20ac Env\u00edo tiempo aproximado:  72\/84H\" \/>\n<meta property=\"og:url\" content=\"https:\/\/grupopaletplastic.es\/fr\/produit\/magnum-pro-60106-02-600x400x340mm\/\" \/>\n<meta property=\"og:site_name\" content=\"Grupo Paletplastic\" \/>\n<meta property=\"article:modified_time\" content=\"2023-03-15T11:18:29+00:00\" \/>\n<meta property=\"og:image\" content=\"https:\/\/grupopaletplastic.es\/wp-content\/uploads\/magnum-60-1.jpg\" \/>\n\t<meta property=\"og:image:width\" content=\"750\" \/>\n\t<meta property=\"og:image:height\" content=\"750\" \/>\n\t<meta property=\"og:image:type\" content=\"image\/jpeg\" \/>\n<meta name=\"twitter:card\" content=\"summary_large_image\" \/>\n<meta name=\"twitter:label1\" content=\"Dur\u00e9e de lecture estim\u00e9e\" \/>\n\t<meta name=\"twitter:data1\" content=\"1 minute\" \/>\n<script type=\"application\/ld+json\" class=\"yoast-schema-graph\">{\"@context\":\"https:\/\/schema.org\",\"@graph\":[{\"@type\":\"WebPage\",\"@id\":\"https:\/\/grupopaletplastic.es\/producto\/magnum-pro-60106-02-600x400x340mm\/\",\"url\":\"https:\/\/grupopaletplastic.es\/producto\/magnum-pro-60106-02-600x400x340mm\/\",\"name\":\"MAGNUM PRO 60(106-02) 600X400X340MM - Grupo Paletplastic\",\"isPartOf\":{\"@id\":\"https:\/\/grupopaletplastic.es\/#website\"},\"primaryImageOfPage\":{\"@id\":\"https:\/\/grupopaletplastic.es\/producto\/magnum-pro-60106-02-600x400x340mm\/#primaryimage\"},\"image\":{\"@id\":\"https:\/\/grupopaletplastic.es\/producto\/magnum-pro-60106-02-600x400x340mm\/#primaryimage\"},\"thumbnailUrl\":\"https:\/\/grupopaletplastic.es\/wp-content\/uploads\/magnum-60-1.jpg\",\"datePublished\":\"2017-07-22T13:54:06+00:00\",\"dateModified\":\"2023-03-15T11:18:29+00:00\",\"breadcrumb\":{\"@id\":\"https:\/\/grupopaletplastic.es\/producto\/magnum-pro-60106-02-600x400x340mm\/#breadcrumb\"},\"inLanguage\":\"fr-FR\",\"potentialAction\":[{\"@type\":\"ReadAction\",\"target\":[\"https:\/\/grupopaletplastic.es\/producto\/magnum-pro-60106-02-600x400x340mm\/\"]}]},{\"@type\":\"ImageObject\",\"inLanguage\":\"fr-FR\",\"@id\":\"https:\/\/grupopaletplastic.es\/producto\/magnum-pro-60106-02-600x400x340mm\/#primaryimage\",\"url\":\"https:\/\/grupopaletplastic.es\/wp-content\/uploads\/magnum-60-1.jpg\",\"contentUrl\":\"https:\/\/grupopaletplastic.es\/wp-content\/uploads\/magnum-60-1.jpg\",\"width\":750,\"height\":750},{\"@type\":\"BreadcrumbList\",\"@id\":\"https:\/\/grupopaletplastic.es\/producto\/magnum-pro-60106-02-600x400x340mm\/#breadcrumb\",\"itemListElement\":[{\"@type\":\"ListItem\",\"position\":1,\"name\":\"Home\",\"item\":\"https:\/\/grupopaletplastic.es\/\"},{\"@type\":\"ListItem\",\"position\":2,\"name\":\"Productos\",\"item\":\"https:\/\/grupopaletplastic.es\/productos\/\"},{\"@type\":\"ListItem\",\"position\":3,\"name\":\"MAGNUM PRO 60(106-02) 600X400X340MM\"}]},{\"@type\":\"WebSite\",\"@id\":\"https:\/\/grupopaletplastic.es\/#website\",\"url\":\"https:\/\/grupopaletplastic.es\/\",\"name\":\"Grupo Paletplastic\",\"description\":\"En Grupo PaletPlastic somos fabricantes de cajas de pl\u00e1stico y palets de pl\u00e1stico. Hacemos cualquier sistema de almacenaje pl\u00e1stico.\",\"publisher\":{\"@id\":\"https:\/\/grupopaletplastic.es\/#organization\"},\"potentialAction\":[{\"@type\":\"SearchAction\",\"target\":{\"@type\":\"EntryPoint\",\"urlTemplate\":\"https:\/\/grupopaletplastic.es\/?s={search_term_string}\"},\"query-input\":{\"@type\":\"PropertyValueSpecification\",\"valueRequired\":true,\"valueName\":\"search_term_string\"}}],\"inLanguage\":\"fr-FR\"},{\"@type\":\"Organization\",\"@id\":\"https:\/\/grupopaletplastic.es\/#organization\",\"name\":\"Grupo Paletplastic\",\"url\":\"https:\/\/grupopaletplastic.es\/\",\"logo\":{\"@type\":\"ImageObject\",\"inLanguage\":\"fr-FR\",\"@id\":\"https:\/\/grupopaletplastic.es\/#\/schema\/logo\/image\/\",\"url\":\"https:\/\/grupopaletplastic.es\/wp-content\/uploads\/cropped-logonuevo-1.png\",\"contentUrl\":\"https:\/\/grupopaletplastic.es\/wp-content\/uploads\/cropped-logonuevo-1.png\",\"width\":400,\"height\":157,\"caption\":\"Grupo Paletplastic\"},\"image\":{\"@id\":\"https:\/\/grupopaletplastic.es\/#\/schema\/logo\/image\/\"}}]}<\/script>\n<!-- \/ Yoast SEO Premium plugin. -->","yoast_head_json":{"title":"MAGNUM PRO 60(106-02) 600X400X340MM - Grupo Paletplastic","robots":{"index":"index","follow":"follow","max-snippet":"max-snippet:-1","max-image-preview":"max-image-preview:large","max-video-preview":"max-video-preview:-1"},"canonical":"https:\/\/grupopaletplastic.es\/fr\/produit\/magnum-pro-60106-02-600x400x340mm\/","og_locale":"fr_FR","og_type":"article","og_title":"MAGNUM PRO 60(106-02) 600X400X340MM","og_description":"REFERENCIA: 106-02 MAGNUM CONTAINER 60 MEDIDAS: 600 x 400 x 340 mm VERSI\u00d3N:  BASE EN EL SUELO: CERRADA    Uso alimentario, apilable-encajable y f\u00e1cil de limpiar.     Precio por unidad (1-100u) : 17,10\u20ac Precio por palet (101u) : 12,40\u20ac Env\u00edo tiempo aproximado:  72\/84H","og_url":"https:\/\/grupopaletplastic.es\/fr\/produit\/magnum-pro-60106-02-600x400x340mm\/","og_site_name":"Grupo Paletplastic","article_modified_time":"2023-03-15T11:18:29+00:00","og_image":[{"width":750,"height":750,"url":"https:\/\/grupopaletplastic.es\/wp-content\/uploads\/magnum-60-1.jpg","type":"image\/jpeg"}],"twitter_card":"summary_large_image","twitter_misc":{"Dur\u00e9e de lecture estim\u00e9e":"1 minute"},"schema":{"@context":"https:\/\/schema.org","@graph":[{"@type":"WebPage","@id":"https:\/\/grupopaletplastic.es\/producto\/magnum-pro-60106-02-600x400x340mm\/","url":"https:\/\/grupopaletplastic.es\/producto\/magnum-pro-60106-02-600x400x340mm\/","name":"MAGNUM PRO 60(106-02) 600X400X340MM - Grupo Paletplastic","isPartOf":{"@id":"https:\/\/grupopaletplastic.es\/#website"},"primaryImageOfPage":{"@id":"https:\/\/grupopaletplastic.es\/producto\/magnum-pro-60106-02-600x400x340mm\/#primaryimage"},"image":{"@id":"https:\/\/grupopaletplastic.es\/producto\/magnum-pro-60106-02-600x400x340mm\/#primaryimage"},"thumbnailUrl":"https:\/\/grupopaletplastic.es\/wp-content\/uploads\/magnum-60-1.jpg","datePublished":"2017-07-22T13:54:06+00:00","dateModified":"2023-03-15T11:18:29+00:00","breadcrumb":{"@id":"https:\/\/grupopaletplastic.es\/producto\/magnum-pro-60106-02-600x400x340mm\/#breadcrumb"},"inLanguage":"fr-FR","potentialAction":[{"@type":"ReadAction","target":["https:\/\/grupopaletplastic.es\/producto\/magnum-pro-60106-02-600x400x340mm\/"]}]},{"@type":"ImageObject","inLanguage":"fr-FR","@id":"https:\/\/grupopaletplastic.es\/producto\/magnum-pro-60106-02-600x400x340mm\/#primaryimage","url":"https:\/\/grupopaletplastic.es\/wp-content\/uploads\/magnum-60-1.jpg","contentUrl":"https:\/\/grupopaletplastic.es\/wp-content\/uploads\/magnum-60-1.jpg","width":750,"height":750},{"@type":"BreadcrumbList","@id":"https:\/\/grupopaletplastic.es\/producto\/magnum-pro-60106-02-600x400x340mm\/#breadcrumb","itemListElement":[{"@type":"ListItem","position":1,"name":"Home","item":"https:\/\/grupopaletplastic.es\/"},{"@type":"ListItem","position":2,"name":"Productos","item":"https:\/\/grupopaletplastic.es\/productos\/"},{"@type":"ListItem","position":3,"name":"MAGNUM PRO 60(106-02) 600X400X340MM"}]},{"@type":"WebSite","@id":"https:\/\/grupopaletplastic.es\/#website","url":"https:\/\/grupopaletplastic.es\/","name":"Grupo Paletplastic","description":"En Grupo PaletPlastic somos fabricantes de cajas de pl\u00e1stico y palets de pl\u00e1stico. Hacemos cualquier sistema de almacenaje pl\u00e1stico.","publisher":{"@id":"https:\/\/grupopaletplastic.es\/#organization"},"potentialAction":[{"@type":"SearchAction","target":{"@type":"EntryPoint","urlTemplate":"https:\/\/grupopaletplastic.es\/?s={search_term_string}"},"query-input":{"@type":"PropertyValueSpecification","valueRequired":true,"valueName":"search_term_string"}}],"inLanguage":"fr-FR"},{"@type":"Organization","@id":"https:\/\/grupopaletplastic.es\/#organization","name":"Grupo Paletplastic","url":"https:\/\/grupopaletplastic.es\/","logo":{"@type":"ImageObject","inLanguage":"fr-FR","@id":"https:\/\/grupopaletplastic.es\/#\/schema\/logo\/image\/","url":"https:\/\/grupopaletplastic.es\/wp-content\/uploads\/cropped-logonuevo-1.png","contentUrl":"https:\/\/grupopaletplastic.es\/wp-content\/uploads\/cropped-logonuevo-1.png","width":400,"height":157,"caption":"Grupo Paletplastic"},"image":{"@id":"https:\/\/grupopaletplastic.es\/#\/schema\/logo\/image\/"}}]}},"_links":{"self":[{"href":"https:\/\/grupopaletplastic.es\/fr\/wp-json\/wp\/v2\/product\/1158","targetHints":{"allow":["GET"]}}],"collection":[{"href":"https:\/\/grupopaletplastic.es\/fr\/wp-json\/wp\/v2\/product"}],"about":[{"href":"https:\/\/grupopaletplastic.es\/fr\/wp-json\/wp\/v2\/types\/product"}],"replies":[{"embeddable":true,"href":"https:\/\/grupopaletplastic.es\/fr\/wp-json\/wp\/v2\/comments?post=1158"}],"wp:featuredmedia":[{"embeddable":true,"href":"https:\/\/grupopaletplastic.es\/fr\/wp-json\/wp\/v2\/media\/4471"}],"wp:attachment":[{"href":"https:\/\/grupopaletplastic.es\/fr\/wp-json\/wp\/v2\/media?parent=1158"}],"wp:term":[{"taxonomy":"product_brand","embeddable":true,"href":"https:\/\/grupopaletplastic.es\/fr\/wp-json\/wp\/v2\/product_brand?post=1158"},{"taxonomy":"product_cat","embeddable":true,"href":"https:\/\/grupopaletplastic.es\/fr\/wp-json\/wp\/v2\/product_cat?post=1158"},{"taxonomy":"product_tag","embeddable":true,"href":"https:\/\/grupopaletplastic.es\/fr\/wp-json\/wp\/v2\/product_tag?post=1158"}],"curies":[{"name":"wp","href":"https:\/\/api.w.org\/{rel}","templated":true}]}}