
 

{"id":534,"date":"2017-07-05T07:25:22","date_gmt":"2017-07-05T07:25:22","guid":{"rendered":"https:\/\/grupopaletplastic.es\/?post_type=product&#038;p=534"},"modified":"2023-07-24T10:08:37","modified_gmt":"2023-07-24T10:08:37","slug":"palet-1200-x-1000-x-160-mm-2","status":"publish","type":"product","link":"https:\/\/grupopaletplastic.es\/fr\/produit\/palet-1200-x-1000-x-160-mm-2\/","title":{"rendered":"PALET 1200 x 1000 x 160 mm"},"content":{"rendered":"<table style=\"height: 162px;\" width=\"516\">\n<tbody>\n<tr style=\"background-color: #f2f2f2;\">\n<td><strong style=\"font-size: 17px;\">Caract\u00e9ristiques techniques<\/strong><\/td>\n<td><\/td>\n<\/tr>\n<tr>\n<td><\/td>\n<td><\/td>\n<\/tr>\n<tr>\n<td><\/td>\n<td><\/td>\n<\/tr>\n<tr>\n<td><strong>Nesures externes<\/strong><\/td>\n<td>1200 x 1000 x 160 mm<\/td>\n<\/tr>\n<tr>\n<td><b>Lester <\/b><\/td>\n<td>22 kg<\/td>\n<\/tr>\n<tr>\n<td><strong>Plate-forme<\/strong><\/td>\n<td>ferm\u00e9e<\/td>\n<\/tr>\n<tr>\n<td><strong>Support au sol<\/strong><\/td>\n<td>3 patins<\/td>\n<\/tr>\n<tr>\n<td><\/td>\n<td><\/td>\n<\/tr>\n<\/tbody>\n<\/table>\n<table style=\"height: 123px;\" width=\"519\">\n<tbody>\n<tr style=\"background-color: #f2f2f2;\">\n<td><span style=\"color: #f2f2f2;\">\u00a0.<\/span><\/td>\n<td><span style=\"color: #f2f2f2;\">\u00a0.<\/span><\/td>\n<\/tr>\n<tr>\n<td><\/td>\n<td><\/td>\n<\/tr>\n<tr>\n<td><\/td>\n<td><\/td>\n<\/tr>\n<tr>\n<td><strong>Charge statique maximale<\/strong><\/td>\n<td>5000 kg<\/td>\n<\/tr>\n<tr>\n<td><strong>Charge dynamique maximale<\/strong><\/td>\n<td>2500 kg<\/td>\n<\/tr>\n<tr>\n<td><strong>Carga estanter\u00eda<\/strong><\/td>\n<td>1250 kg<\/td>\n<\/tr>\n<tr>\n<td><strong>Couleur<\/strong><\/td>\n<td>blanco<\/td>\n<\/tr>\n<\/tbody>\n<\/table>\n<table style=\"height: 120px;\" width=\"517\">\n<tbody>\n<tr style=\"background-color: #f2f2f2;\">\n<td><strong style=\"font-size: 17px;\">Information produit<\/strong><\/td>\n<td><\/td>\n<\/tr>\n<tr>\n<td><a href=\"https:\/\/grupopaletplastic.es\/wp-content\/uploads\/hygienic-i7.1-cd-3r.pdf\" target=\"_blank\" rel=\"noopener noreferrer\">T\u00e9l\u00e9charger la fiche technique<\/a><\/td>\n<td><\/td>\n<\/tr>\n<tr>\n<td><\/td>\n<td><\/td>\n<\/tr>\n<tr>\n<td><\/td>\n<td><\/td>\n<\/tr>\n<\/tbody>\n<\/table>\n<p>&nbsp;<\/p>","protected":false},"excerpt":{"rendered":"<p>REFERENCIA: HYGIENIC i7.1 (CD-3R)<br \/>\nMEDIDAS: 1200 x 1000 x 160 mm<br \/>\nVERSI\u00d3N:<br \/>\nBASE EN EL SUELO: 3 PATINES<\/p>\n<hr>\n<ul>\n<li>Disponible en HDPE\u00a0, disponible con cinco\u00a0patines, apilable y f\u00e1cil de limpiar.<\/li>\n<\/ul>\n<hr \/>\n<div style=\"color: #000000; width: 87%; margin: 0px; float: left;\"><b>Precio por unidad (1-14u):<\/b><\/div>\n<p><span id=\"miclase\" style=\"color: #07a259; text-align: right; float: left; font-weight: bold;\">95,50\u20ac<\/span><\/p>\n<div style=\"color: #000000; width: 87%; margin: 0px; float: left;\"><b>Precio por palet (15u):<\/b><\/div>\n<p><span id=\"miclase\" style=\"color: #07a259; text-align: right; float: left; font-weight: bold;\">87,80\u20ac<\/span><\/p>\n<div style=\"color: #000000; width: 87%; margin: 0px; float: left;\"><b>Approximate shipping time: <\/b><\/div>\n<p><span id=\"miclase\" style=\"color: #07a259; text-align: right; float: left; font-weight: bold;\">72\/84H<\/span><\/p>","protected":false},"featured_media":4441,"comment_status":"closed","ping_status":"closed","template":"","meta":{"site-sidebar-layout":"default","site-content-layout":"default","ast-global-header-display":"","ast-main-header-display":"","ast-hfb-above-header-display":"","ast-hfb-below-header-display":"","ast-hfb-mobile-header-display":"","site-post-title":"","ast-breadcrumbs-content":"","ast-featured-img":"","footer-sml-layout":"","theme-transparent-header-meta":"default","adv-header-id-meta":"","stick-header-meta":"","header-above-stick-meta":"","header-main-stick-meta":"","header-below-stick-meta":""},"product_brand":[],"product_cat":[161,25],"product_tag":[],"class_list":{"0":"post-534","1":"product","2":"type-product","3":"status-publish","4":"has-post-thumbnail","6":"product_cat-higienicos-1200x1000","7":"product_cat-palets","8":"product_shipping_class-eco-e7-eco-i7-endur-e7-endur-i7-endur-i9-h1-hygienic-e7-3-hygienic-i7-1","9":"desktop-align-left","10":"tablet-align-left","11":"mobile-align-left","13":"first","14":"instock","15":"shipping-taxable","16":"purchasable","17":"product-type-simple"},"yoast_head":"<!-- This site is optimized with the Yoast SEO Premium plugin v19.2.1 (Yoast SEO v27.2) - https:\/\/yoast.com\/product\/yoast-seo-premium-wordpress\/ -->\n<title>PALET 1200 x 1000 x 160 mm - Grupo Paletplastic<\/title>\n<meta name=\"robots\" content=\"index, follow, max-snippet:-1, max-image-preview:large, max-video-preview:-1\" \/>\n<link rel=\"canonical\" href=\"https:\/\/grupopaletplastic.es\/fr\/produit\/palet-1200-x-1000-x-160-mm-2\/\" \/>\n<meta property=\"og:locale\" content=\"fr_FR\" \/>\n<meta property=\"og:type\" content=\"article\" \/>\n<meta property=\"og:title\" content=\"PALET 1200 x 1000 x 160 mm\" \/>\n<meta property=\"og:description\" content=\"REFERENCIA: HYGIENIC i7.1 (CD-3R) MEDIDAS: 1200 x 1000 x 160 mm VERSI\u00d3N:  BASE EN EL SUELO: 3 PATINES     Disponible en HDPE\u00a0, disponible con cinco\u00a0patines, apilable y f\u00e1cil de limpiar.    Precio por unidad (1-14u): 95,50\u20ac Precio por palet (15u): 87,80\u20ac Env\u00edo tiempo aproximado:  72\/84H\" \/>\n<meta property=\"og:url\" content=\"https:\/\/grupopaletplastic.es\/fr\/produit\/palet-1200-x-1000-x-160-mm-2\/\" \/>\n<meta property=\"og:site_name\" content=\"Grupo Paletplastic\" \/>\n<meta property=\"article:modified_time\" content=\"2023-07-24T10:08:37+00:00\" \/>\n<meta property=\"og:image\" content=\"https:\/\/grupopaletplastic.es\/wp-content\/uploads\/hygienic-i7.1cd-3r.jpg\" \/>\n\t<meta property=\"og:image:width\" content=\"750\" \/>\n\t<meta property=\"og:image:height\" content=\"442\" \/>\n\t<meta property=\"og:image:type\" content=\"image\/jpeg\" \/>\n<meta name=\"twitter:card\" content=\"summary_large_image\" \/>\n<meta name=\"twitter:label1\" content=\"Dur\u00e9e de lecture estim\u00e9e\" \/>\n\t<meta name=\"twitter:data1\" content=\"1 minute\" \/>\n<script type=\"application\/ld+json\" class=\"yoast-schema-graph\">{\"@context\":\"https:\/\/schema.org\",\"@graph\":[{\"@type\":\"WebPage\",\"@id\":\"https:\/\/grupopaletplastic.es\/producto\/palet-1200-x-1000-x-160-mm-2\/\",\"url\":\"https:\/\/grupopaletplastic.es\/producto\/palet-1200-x-1000-x-160-mm-2\/\",\"name\":\"PALET 1200 x 1000 x 160 mm - Grupo Paletplastic\",\"isPartOf\":{\"@id\":\"https:\/\/grupopaletplastic.es\/#website\"},\"primaryImageOfPage\":{\"@id\":\"https:\/\/grupopaletplastic.es\/producto\/palet-1200-x-1000-x-160-mm-2\/#primaryimage\"},\"image\":{\"@id\":\"https:\/\/grupopaletplastic.es\/producto\/palet-1200-x-1000-x-160-mm-2\/#primaryimage\"},\"thumbnailUrl\":\"https:\/\/grupopaletplastic.es\/wp-content\/uploads\/hygienic-i7.1cd-3r.jpg\",\"datePublished\":\"2017-07-05T07:25:22+00:00\",\"dateModified\":\"2023-07-24T10:08:37+00:00\",\"breadcrumb\":{\"@id\":\"https:\/\/grupopaletplastic.es\/producto\/palet-1200-x-1000-x-160-mm-2\/#breadcrumb\"},\"inLanguage\":\"fr-FR\",\"potentialAction\":[{\"@type\":\"ReadAction\",\"target\":[\"https:\/\/grupopaletplastic.es\/producto\/palet-1200-x-1000-x-160-mm-2\/\"]}]},{\"@type\":\"ImageObject\",\"inLanguage\":\"fr-FR\",\"@id\":\"https:\/\/grupopaletplastic.es\/producto\/palet-1200-x-1000-x-160-mm-2\/#primaryimage\",\"url\":\"https:\/\/grupopaletplastic.es\/wp-content\/uploads\/hygienic-i7.1cd-3r.jpg\",\"contentUrl\":\"https:\/\/grupopaletplastic.es\/wp-content\/uploads\/hygienic-i7.1cd-3r.jpg\",\"width\":750,\"height\":442},{\"@type\":\"BreadcrumbList\",\"@id\":\"https:\/\/grupopaletplastic.es\/producto\/palet-1200-x-1000-x-160-mm-2\/#breadcrumb\",\"itemListElement\":[{\"@type\":\"ListItem\",\"position\":1,\"name\":\"Home\",\"item\":\"https:\/\/grupopaletplastic.es\/\"},{\"@type\":\"ListItem\",\"position\":2,\"name\":\"Productos\",\"item\":\"https:\/\/grupopaletplastic.es\/productos\/\"},{\"@type\":\"ListItem\",\"position\":3,\"name\":\"PALET 1200 x 1000 x 160 mm\"}]},{\"@type\":\"WebSite\",\"@id\":\"https:\/\/grupopaletplastic.es\/#website\",\"url\":\"https:\/\/grupopaletplastic.es\/\",\"name\":\"Grupo Paletplastic\",\"description\":\"En Grupo PaletPlastic somos fabricantes de cajas de pl\u00e1stico y palets de pl\u00e1stico. Hacemos cualquier sistema de almacenaje pl\u00e1stico.\",\"publisher\":{\"@id\":\"https:\/\/grupopaletplastic.es\/#organization\"},\"potentialAction\":[{\"@type\":\"SearchAction\",\"target\":{\"@type\":\"EntryPoint\",\"urlTemplate\":\"https:\/\/grupopaletplastic.es\/?s={search_term_string}\"},\"query-input\":{\"@type\":\"PropertyValueSpecification\",\"valueRequired\":true,\"valueName\":\"search_term_string\"}}],\"inLanguage\":\"fr-FR\"},{\"@type\":\"Organization\",\"@id\":\"https:\/\/grupopaletplastic.es\/#organization\",\"name\":\"Grupo Paletplastic\",\"url\":\"https:\/\/grupopaletplastic.es\/\",\"logo\":{\"@type\":\"ImageObject\",\"inLanguage\":\"fr-FR\",\"@id\":\"https:\/\/grupopaletplastic.es\/#\/schema\/logo\/image\/\",\"url\":\"https:\/\/grupopaletplastic.es\/wp-content\/uploads\/cropped-logonuevo-1.png\",\"contentUrl\":\"https:\/\/grupopaletplastic.es\/wp-content\/uploads\/cropped-logonuevo-1.png\",\"width\":400,\"height\":157,\"caption\":\"Grupo Paletplastic\"},\"image\":{\"@id\":\"https:\/\/grupopaletplastic.es\/#\/schema\/logo\/image\/\"}}]}<\/script>\n<!-- \/ Yoast SEO Premium plugin. -->","yoast_head_json":{"title":"PALET 1200 x 1000 x 160 mm - Grupo Paletplastic","robots":{"index":"index","follow":"follow","max-snippet":"max-snippet:-1","max-image-preview":"max-image-preview:large","max-video-preview":"max-video-preview:-1"},"canonical":"https:\/\/grupopaletplastic.es\/fr\/produit\/palet-1200-x-1000-x-160-mm-2\/","og_locale":"fr_FR","og_type":"article","og_title":"PALET 1200 x 1000 x 160 mm","og_description":"REFERENCIA: HYGIENIC i7.1 (CD-3R) MEDIDAS: 1200 x 1000 x 160 mm VERSI\u00d3N:  BASE EN EL SUELO: 3 PATINES     Disponible en HDPE\u00a0, disponible con cinco\u00a0patines, apilable y f\u00e1cil de limpiar.    Precio por unidad (1-14u): 95,50\u20ac Precio por palet (15u): 87,80\u20ac Env\u00edo tiempo aproximado:  72\/84H","og_url":"https:\/\/grupopaletplastic.es\/fr\/produit\/palet-1200-x-1000-x-160-mm-2\/","og_site_name":"Grupo Paletplastic","article_modified_time":"2023-07-24T10:08:37+00:00","og_image":[{"width":750,"height":442,"url":"https:\/\/grupopaletplastic.es\/wp-content\/uploads\/hygienic-i7.1cd-3r.jpg","type":"image\/jpeg"}],"twitter_card":"summary_large_image","twitter_misc":{"Dur\u00e9e de lecture estim\u00e9e":"1 minute"},"schema":{"@context":"https:\/\/schema.org","@graph":[{"@type":"WebPage","@id":"https:\/\/grupopaletplastic.es\/producto\/palet-1200-x-1000-x-160-mm-2\/","url":"https:\/\/grupopaletplastic.es\/producto\/palet-1200-x-1000-x-160-mm-2\/","name":"PALET 1200 x 1000 x 160 mm - Grupo Paletplastic","isPartOf":{"@id":"https:\/\/grupopaletplastic.es\/#website"},"primaryImageOfPage":{"@id":"https:\/\/grupopaletplastic.es\/producto\/palet-1200-x-1000-x-160-mm-2\/#primaryimage"},"image":{"@id":"https:\/\/grupopaletplastic.es\/producto\/palet-1200-x-1000-x-160-mm-2\/#primaryimage"},"thumbnailUrl":"https:\/\/grupopaletplastic.es\/wp-content\/uploads\/hygienic-i7.1cd-3r.jpg","datePublished":"2017-07-05T07:25:22+00:00","dateModified":"2023-07-24T10:08:37+00:00","breadcrumb":{"@id":"https:\/\/grupopaletplastic.es\/producto\/palet-1200-x-1000-x-160-mm-2\/#breadcrumb"},"inLanguage":"fr-FR","potentialAction":[{"@type":"ReadAction","target":["https:\/\/grupopaletplastic.es\/producto\/palet-1200-x-1000-x-160-mm-2\/"]}]},{"@type":"ImageObject","inLanguage":"fr-FR","@id":"https:\/\/grupopaletplastic.es\/producto\/palet-1200-x-1000-x-160-mm-2\/#primaryimage","url":"https:\/\/grupopaletplastic.es\/wp-content\/uploads\/hygienic-i7.1cd-3r.jpg","contentUrl":"https:\/\/grupopaletplastic.es\/wp-content\/uploads\/hygienic-i7.1cd-3r.jpg","width":750,"height":442},{"@type":"BreadcrumbList","@id":"https:\/\/grupopaletplastic.es\/producto\/palet-1200-x-1000-x-160-mm-2\/#breadcrumb","itemListElement":[{"@type":"ListItem","position":1,"name":"Home","item":"https:\/\/grupopaletplastic.es\/"},{"@type":"ListItem","position":2,"name":"Productos","item":"https:\/\/grupopaletplastic.es\/productos\/"},{"@type":"ListItem","position":3,"name":"PALET 1200 x 1000 x 160 mm"}]},{"@type":"WebSite","@id":"https:\/\/grupopaletplastic.es\/#website","url":"https:\/\/grupopaletplastic.es\/","name":"Grupo Paletplastic","description":"En Grupo PaletPlastic somos fabricantes de cajas de pl\u00e1stico y palets de pl\u00e1stico. Hacemos cualquier sistema de almacenaje pl\u00e1stico.","publisher":{"@id":"https:\/\/grupopaletplastic.es\/#organization"},"potentialAction":[{"@type":"SearchAction","target":{"@type":"EntryPoint","urlTemplate":"https:\/\/grupopaletplastic.es\/?s={search_term_string}"},"query-input":{"@type":"PropertyValueSpecification","valueRequired":true,"valueName":"search_term_string"}}],"inLanguage":"fr-FR"},{"@type":"Organization","@id":"https:\/\/grupopaletplastic.es\/#organization","name":"Grupo Paletplastic","url":"https:\/\/grupopaletplastic.es\/","logo":{"@type":"ImageObject","inLanguage":"fr-FR","@id":"https:\/\/grupopaletplastic.es\/#\/schema\/logo\/image\/","url":"https:\/\/grupopaletplastic.es\/wp-content\/uploads\/cropped-logonuevo-1.png","contentUrl":"https:\/\/grupopaletplastic.es\/wp-content\/uploads\/cropped-logonuevo-1.png","width":400,"height":157,"caption":"Grupo Paletplastic"},"image":{"@id":"https:\/\/grupopaletplastic.es\/#\/schema\/logo\/image\/"}}]}},"_links":{"self":[{"href":"https:\/\/grupopaletplastic.es\/fr\/wp-json\/wp\/v2\/product\/534","targetHints":{"allow":["GET"]}}],"collection":[{"href":"https:\/\/grupopaletplastic.es\/fr\/wp-json\/wp\/v2\/product"}],"about":[{"href":"https:\/\/grupopaletplastic.es\/fr\/wp-json\/wp\/v2\/types\/product"}],"replies":[{"embeddable":true,"href":"https:\/\/grupopaletplastic.es\/fr\/wp-json\/wp\/v2\/comments?post=534"}],"wp:featuredmedia":[{"embeddable":true,"href":"https:\/\/grupopaletplastic.es\/fr\/wp-json\/wp\/v2\/media\/4441"}],"wp:attachment":[{"href":"https:\/\/grupopaletplastic.es\/fr\/wp-json\/wp\/v2\/media?parent=534"}],"wp:term":[{"taxonomy":"product_brand","embeddable":true,"href":"https:\/\/grupopaletplastic.es\/fr\/wp-json\/wp\/v2\/product_brand?post=534"},{"taxonomy":"product_cat","embeddable":true,"href":"https:\/\/grupopaletplastic.es\/fr\/wp-json\/wp\/v2\/product_cat?post=534"},{"taxonomy":"product_tag","embeddable":true,"href":"https:\/\/grupopaletplastic.es\/fr\/wp-json\/wp\/v2\/product_tag?post=534"}],"curies":[{"name":"wp","href":"https:\/\/api.w.org\/{rel}","templated":true}]}}